{"id":148,"date":"2024-03-30T06:21:56","date_gmt":"2024-03-30T06:21:56","guid":{"rendered":"https:\/\/vanschaiksalix.nl\/?page_id=148"},"modified":"2024-04-02T19:19:13","modified_gmt":"2024-04-02T19:19:13","slug":"over-ons","status":"publish","type":"page","link":"https:\/\/vanschaiksalix.nl\/de\/over-ons\/","title":{"rendered":"\u00dcber Uns"},"content":{"rendered":"<div data-elementor-type=\"wp-page\" data-elementor-id=\"148\" class=\"elementor elementor-148\" data-elementor-post-type=\"page\">\n\t\t\t\t<div class=\"elementor-element elementor-element-e87aa83 e-flex e-con-boxed e-con e-parent\" data-id=\"e87aa83\" data-element_type=\"container\" data-e-type=\"container\">\n\t\t\t\t\t<div class=\"e-con-inner\">\n\t\t\t\t<div class=\"elementor-element elementor-element-3808a33 elementor-widget elementor-widget-spacer\" data-id=\"3808a33\" data-element_type=\"widget\" data-e-type=\"widget\" data-widget_type=\"spacer.default\">\n\t\t\t\t<div class=\"elementor-widget-container\">\n\t\t\t\t\t\t\t<div class=\"elementor-spacer\">\n\t\t\t<div class=\"elementor-spacer-inner\"><\/div>\n\t\t<\/div>\n\t\t\t\t\t\t<\/div>\n\t\t\t\t<\/div>\n\t\t\t\t<div class=\"elementor-element elementor-element-e2d4b7d elementor-align-center elementor-widget elementor-widget-breadcrumbs\" data-id=\"e2d4b7d\" data-element_type=\"widget\" data-e-type=\"widget\" data-widget_type=\"breadcrumbs.default\">\n\t\t\t\t<div class=\"elementor-widget-container\">\n\t\t\t\t\t<p id=\"breadcrumbs\"><span><span><a href=\"https:\/\/vanschaiksalix.nl\/de\/\">Home<\/a><\/span><\/span><\/p>\t\t\t\t<\/div>\n\t\t\t\t<\/div>\n\t\t\t\t\t<\/div>\n\t\t\t\t<\/div>\n\t\t<div class=\"elementor-element elementor-element-153f42f e-flex e-con-boxed e-con e-parent\" data-id=\"153f42f\" data-element_type=\"container\" data-e-type=\"container\">\n\t\t\t\t\t<div class=\"e-con-inner\">\n\t\t<div class=\"elementor-element elementor-element-970192c e-con-full e-flex e-con e-child\" data-id=\"970192c\" data-element_type=\"container\" data-e-type=\"container\">\n\t\t\t\t<div class=\"elementor-element elementor-element-c921154 elementor-widget elementor-widget-text-editor\" data-id=\"c921154\" data-element_type=\"widget\" data-e-type=\"widget\" data-widget_type=\"text-editor.default\">\n\t\t\t\t<div class=\"elementor-widget-container\">\n\t\t\t\t\t\t\t\t\t<p>F\u00fchrend in Weidenholz, bereits seit gut sechzig Jahren. Van Schaik ist auf die Fertigung von Produkten aus Weidenholz \u2013 u.a. Sinkst\u00fccken, Uferbefestigungen und Staubschutzhecken \u2013 spezialisiert und verwendet hierf\u00fcr ausschlie\u00dflich Reisigholz aus eigenen Plantagen und aus Naturgebieten. Ferner verf\u00fcgen wir \u00fcber alle Spezialkenntnisse und -materialien, um unsere Produkte anzubringen, wodurch wir unsere Auftraggeber rundum versorgen k\u00f6nnen.<\/p><p>In unseren Arbeiten kommt das alte Handwerk noch jeden Tag zur\u00fcck, aber dar\u00fcber hinaus suchen wir fortw\u00e4hrend nach M\u00f6glichkeiten, um unsere Produkte noch weiter zu entwickeln und zu verbessern. Innovation und Tradition gehen bei uns Hand in Hand. Nachhaltigkeit ist dabei ein ausschlaggebender Faktor. Die in eigener Regie entwickelte und gefertigte Schaik-Matte ist hierf\u00fcr ein gutes Beispiel.<\/p><p>Gute Produkte zu liefern ist eine Sache, ein guter Dienstleister zu sein, ist eine andere Sache. Daher denken wir immer mit Ihnen mit, um die beste L\u00f6sung zu finden. Eine L\u00f6sung, die auf Ihrer Situation, Ihren W\u00fcnschen und unserer Expertise beruht. Das ist Van Schaik.<\/p>\t\t\t\t\t\t\t\t<\/div>\n\t\t\t\t<\/div>\n\t\t\t\t<\/div>\n\t\t<div class=\"elementor-element elementor-element-e26e22f e-con-full e-flex e-con e-child\" data-id=\"e26e22f\" data-element_type=\"container\" data-e-type=\"container\">\n\t\t\t\t<div class=\"elementor-element elementor-element-61abfaa elementor-widget elementor-widget-image\" data-id=\"61abfaa\" data-element_type=\"widget\" data-e-type=\"widget\" data-widget_type=\"image.default\">\n\t\t\t\t<div class=\"elementor-widget-container\">\n\t\t\t\t\t\t\t\t\t\t\t\t\t\t\t<img fetchpriority=\"high\" decoding=\"async\" width=\"659\" height=\"666\" src=\"https:\/\/vanschaiksalix.nl\/wp-content\/uploads\/2024\/03\/erkend-leerbedrijf.jpg\" class=\"attachment-full size-full wp-image-153\" alt=\"\" srcset=\"https:\/\/vanschaiksalix.nl\/wp-content\/uploads\/2024\/03\/erkend-leerbedrijf.jpg 659w, https:\/\/vanschaiksalix.nl\/wp-content\/uploads\/2024\/03\/erkend-leerbedrijf-297x300.jpg 297w\" sizes=\"(max-width: 659px) 100vw, 659px\" \/>\t\t\t\t\t\t\t\t\t\t\t\t\t\t\t<\/div>\n\t\t\t\t<\/div>\n\t\t\t\t<\/div>\n\t\t\t\t\t<\/div>\n\t\t\t\t<\/div>\n\t\t<div class=\"elementor-element elementor-element-055fbe5 e-flex e-con-boxed e-con e-parent\" data-id=\"055fbe5\" data-element_type=\"container\" data-e-type=\"container\">\n\t\t\t\t\t<div class=\"e-con-inner\">\n\t\t\t\t<div class=\"elementor-element elementor-element-7c6290e elementor-widget elementor-widget-spacer\" data-id=\"7c6290e\" data-element_type=\"widget\" data-e-type=\"widget\" data-widget_type=\"spacer.default\">\n\t\t\t\t<div class=\"elementor-widget-container\">\n\t\t\t\t\t\t\t<div class=\"elementor-spacer\">\n\t\t\t<div class=\"elementor-spacer-inner\"><\/div>\n\t\t<\/div>\n\t\t\t\t\t\t<\/div>\n\t\t\t\t<\/div>\n\t\t\t\t\t<\/div>\n\t\t\t\t<\/div>\n\t\t\t\t<\/div>","protected":false},"excerpt":{"rendered":"<p>Toonaangevend in griendhout, al ruim zestig jaar. Van Schaik is gespecialiseerd in de vervaardiging van griendhout-gerelateerde producten \u2013 onder andere zinkstukken, beschoeiingen en stuifschermen \u2013 en gebruikt hiervoor rijshout van eigen plantages en uit natuurgebieden. Ook hebben wij alle specialistische kennis en materieel in huis om onze producten te plaatsen, waarmee wij onze opdrachtgevers van [&hellip;]<\/p>\n","protected":false},"author":1,"featured_media":0,"parent":0,"menu_order":0,"comment_status":"closed","ping_status":"closed","template":"","meta":{"footnotes":""},"class_list":["post-148","page","type-page","status-publish","hentry"],"yoast_head":"<!-- This site is optimized with the Yoast SEO plugin v27.4 - https:\/\/yoast.com\/product\/yoast-seo-wordpress\/ -->\n<title>Over ons - Van Schaik Salix<\/title>\n<meta name=\"robots\" content=\"index, follow, max-snippet:-1, max-image-preview:large, max-video-preview:-1\" \/>\n<link rel=\"canonical\" href=\"https:\/\/vanschaiksalix.nl\/de\/over-ons\/\" \/>\n<meta property=\"og:locale\" content=\"de_DE\" \/>\n<meta property=\"og:type\" content=\"article\" \/>\n<meta property=\"og:title\" content=\"Over ons - Van Schaik Salix\" \/>\n<meta property=\"og:description\" content=\"Toonaangevend in griendhout, al ruim zestig jaar. Van Schaik is gespecialiseerd in de vervaardiging van griendhout-gerelateerde producten \u2013 onder andere zinkstukken, beschoeiingen en stuifschermen \u2013 en gebruikt hiervoor rijshout van eigen plantages en uit natuurgebieden. Ook hebben wij alle specialistische kennis en materieel in huis om onze producten te plaatsen, waarmee wij onze opdrachtgevers van [&hellip;]\" \/>\n<meta property=\"og:url\" content=\"https:\/\/vanschaiksalix.nl\/de\/over-ons\/\" \/>\n<meta property=\"og:site_name\" content=\"Van Schaik Salix\" \/>\n<meta property=\"article:publisher\" content=\"https:\/\/www.facebook.com\/vanschaikingen\" \/>\n<meta property=\"article:modified_time\" content=\"2024-04-02T19:19:13+00:00\" \/>\n<meta property=\"og:image\" content=\"https:\/\/vanschaiksalix.nl\/wp-content\/uploads\/2024\/03\/erkend-leerbedrijf.jpg\" \/>\n<meta name=\"twitter:card\" content=\"summary_large_image\" \/>\n<meta name=\"twitter:label1\" content=\"Gesch\u00e4tzte Lesezeit\" \/>\n\t<meta name=\"twitter:data1\" content=\"1\u00a0Minute\" \/>\n<script type=\"application\/ld+json\" class=\"yoast-schema-graph\">{\"@context\":\"https:\\\/\\\/schema.org\",\"@graph\":[{\"@type\":\"WebPage\",\"@id\":\"https:\\\/\\\/vanschaiksalix.nl\\\/over-ons\\\/\",\"url\":\"https:\\\/\\\/vanschaiksalix.nl\\\/over-ons\\\/\",\"name\":\"Over ons - Van Schaik Salix\",\"isPartOf\":{\"@id\":\"https:\\\/\\\/vanschaiksalix.nl\\\/#website\"},\"primaryImageOfPage\":{\"@id\":\"https:\\\/\\\/vanschaiksalix.nl\\\/over-ons\\\/#primaryimage\"},\"image\":{\"@id\":\"https:\\\/\\\/vanschaiksalix.nl\\\/over-ons\\\/#primaryimage\"},\"thumbnailUrl\":\"https:\\\/\\\/vanschaiksalix.nl\\\/wp-content\\\/uploads\\\/2024\\\/03\\\/erkend-leerbedrijf.jpg\",\"datePublished\":\"2024-03-30T06:21:56+00:00\",\"dateModified\":\"2024-04-02T19:19:13+00:00\",\"breadcrumb\":{\"@id\":\"https:\\\/\\\/vanschaiksalix.nl\\\/over-ons\\\/#breadcrumb\"},\"inLanguage\":\"de\",\"potentialAction\":[{\"@type\":\"ReadAction\",\"target\":[\"https:\\\/\\\/vanschaiksalix.nl\\\/over-ons\\\/\"]}]},{\"@type\":\"ImageObject\",\"inLanguage\":\"de\",\"@id\":\"https:\\\/\\\/vanschaiksalix.nl\\\/over-ons\\\/#primaryimage\",\"url\":\"https:\\\/\\\/vanschaiksalix.nl\\\/wp-content\\\/uploads\\\/2024\\\/03\\\/erkend-leerbedrijf.jpg\",\"contentUrl\":\"https:\\\/\\\/vanschaiksalix.nl\\\/wp-content\\\/uploads\\\/2024\\\/03\\\/erkend-leerbedrijf.jpg\"},{\"@type\":\"BreadcrumbList\",\"@id\":\"https:\\\/\\\/vanschaiksalix.nl\\\/over-ons\\\/#breadcrumb\",\"itemListElement\":[{\"@type\":\"ListItem\",\"position\":1,\"name\":\"Home\",\"item\":\"https:\\\/\\\/vanschaiksalix.nl\\\/\"},{\"@type\":\"ListItem\",\"position\":2,\"name\":\"Over ons\"}]},{\"@type\":\"WebSite\",\"@id\":\"https:\\\/\\\/vanschaiksalix.nl\\\/#website\",\"url\":\"https:\\\/\\\/vanschaiksalix.nl\\\/\",\"name\":\"Handelsonderneming Van Schaik BV\",\"description\":\"\",\"publisher\":{\"@id\":\"https:\\\/\\\/vanschaiksalix.nl\\\/#organization\"},\"potentialAction\":[{\"@type\":\"SearchAction\",\"target\":{\"@type\":\"EntryPoint\",\"urlTemplate\":\"https:\\\/\\\/vanschaiksalix.nl\\\/?s={search_term_string}\"},\"query-input\":{\"@type\":\"PropertyValueSpecification\",\"valueRequired\":true,\"valueName\":\"search_term_string\"}}],\"inLanguage\":\"de\"},{\"@type\":\"Organization\",\"@id\":\"https:\\\/\\\/vanschaiksalix.nl\\\/#organization\",\"name\":\"Handelsonderneming Van Schaik BV\",\"url\":\"https:\\\/\\\/vanschaiksalix.nl\\\/\",\"logo\":{\"@type\":\"ImageObject\",\"inLanguage\":\"de\",\"@id\":\"https:\\\/\\\/vanschaiksalix.nl\\\/#\\\/schema\\\/logo\\\/image\\\/\",\"url\":\"https:\\\/\\\/vanschaiksalix.nl\\\/wp-content\\\/uploads\\\/2024\\\/03\\\/logo_van-schaik-salix-h135.png\",\"contentUrl\":\"https:\\\/\\\/vanschaiksalix.nl\\\/wp-content\\\/uploads\\\/2024\\\/03\\\/logo_van-schaik-salix-h135.png\",\"width\":134,\"height\":135,\"caption\":\"Handelsonderneming Van Schaik BV\"},\"image\":{\"@id\":\"https:\\\/\\\/vanschaiksalix.nl\\\/#\\\/schema\\\/logo\\\/image\\\/\"},\"sameAs\":[\"https:\\\/\\\/www.facebook.com\\\/vanschaikingen\"]}]}<\/script>\n<!-- \/ Yoast SEO plugin. -->","yoast_head_json":{"title":"\u00fcber uns - Van Schaik Salix","robots":{"index":"index","follow":"follow","max-snippet":"max-snippet:-1","max-image-preview":"max-image-preview:large","max-video-preview":"max-video-preview:-1"},"canonical":"https:\/\/vanschaiksalix.nl\/de\/over-ons\/","og_locale":"de_DE","og_type":"article","og_title":"Over ons - Van Schaik Salix","og_description":"Toonaangevend in griendhout, al ruim zestig jaar. Van Schaik is gespecialiseerd in de vervaardiging van griendhout-gerelateerde producten \u2013 onder andere zinkstukken, beschoeiingen en stuifschermen \u2013 en gebruikt hiervoor rijshout van eigen plantages en uit natuurgebieden. Ook hebben wij alle specialistische kennis en materieel in huis om onze producten te plaatsen, waarmee wij onze opdrachtgevers van [&hellip;]","og_url":"https:\/\/vanschaiksalix.nl\/de\/over-ons\/","og_site_name":"Van Schaik Salix","article_publisher":"https:\/\/www.facebook.com\/vanschaikingen","article_modified_time":"2024-04-02T19:19:13+00:00","og_image":[{"url":"https:\/\/vanschaiksalix.nl\/wp-content\/uploads\/2024\/03\/erkend-leerbedrijf.jpg","type":"","width":"","height":""}],"twitter_card":"summary_large_image","twitter_misc":{"Gesch\u00e4tzte Lesezeit":"1\u00a0Minute"},"schema":{"@context":"https:\/\/schema.org","@graph":[{"@type":"WebPage","@id":"https:\/\/vanschaiksalix.nl\/over-ons\/","url":"https:\/\/vanschaiksalix.nl\/over-ons\/","name":"\u00fcber uns - Van Schaik Salix","isPartOf":{"@id":"https:\/\/vanschaiksalix.nl\/#website"},"primaryImageOfPage":{"@id":"https:\/\/vanschaiksalix.nl\/over-ons\/#primaryimage"},"image":{"@id":"https:\/\/vanschaiksalix.nl\/over-ons\/#primaryimage"},"thumbnailUrl":"https:\/\/vanschaiksalix.nl\/wp-content\/uploads\/2024\/03\/erkend-leerbedrijf.jpg","datePublished":"2024-03-30T06:21:56+00:00","dateModified":"2024-04-02T19:19:13+00:00","breadcrumb":{"@id":"https:\/\/vanschaiksalix.nl\/over-ons\/#breadcrumb"},"inLanguage":"de","potentialAction":[{"@type":"ReadAction","target":["https:\/\/vanschaiksalix.nl\/over-ons\/"]}]},{"@type":"ImageObject","inLanguage":"de","@id":"https:\/\/vanschaiksalix.nl\/over-ons\/#primaryimage","url":"https:\/\/vanschaiksalix.nl\/wp-content\/uploads\/2024\/03\/erkend-leerbedrijf.jpg","contentUrl":"https:\/\/vanschaiksalix.nl\/wp-content\/uploads\/2024\/03\/erkend-leerbedrijf.jpg"},{"@type":"BreadcrumbList","@id":"https:\/\/vanschaiksalix.nl\/over-ons\/#breadcrumb","itemListElement":[{"@type":"ListItem","position":1,"name":"Home","item":"https:\/\/vanschaiksalix.nl\/"},{"@type":"ListItem","position":2,"name":"Over ons"}]},{"@type":"WebSite","@id":"https:\/\/vanschaiksalix.nl\/#website","url":"https:\/\/vanschaiksalix.nl\/","name":"Handelsonderneming Van Schaik BV","description":"","publisher":{"@id":"https:\/\/vanschaiksalix.nl\/#organization"},"potentialAction":[{"@type":"SearchAction","target":{"@type":"EntryPoint","urlTemplate":"https:\/\/vanschaiksalix.nl\/?s={search_term_string}"},"query-input":{"@type":"PropertyValueSpecification","valueRequired":true,"valueName":"search_term_string"}}],"inLanguage":"de"},{"@type":"Organization","@id":"https:\/\/vanschaiksalix.nl\/#organization","name":"Handelsonderneming Van Schaik BV","url":"https:\/\/vanschaiksalix.nl\/","logo":{"@type":"ImageObject","inLanguage":"de","@id":"https:\/\/vanschaiksalix.nl\/#\/schema\/logo\/image\/","url":"https:\/\/vanschaiksalix.nl\/wp-content\/uploads\/2024\/03\/logo_van-schaik-salix-h135.png","contentUrl":"https:\/\/vanschaiksalix.nl\/wp-content\/uploads\/2024\/03\/logo_van-schaik-salix-h135.png","width":134,"height":135,"caption":"Handelsonderneming Van Schaik BV"},"image":{"@id":"https:\/\/vanschaiksalix.nl\/#\/schema\/logo\/image\/"},"sameAs":["https:\/\/www.facebook.com\/vanschaikingen"]}]}},"_links":{"self":[{"href":"https:\/\/vanschaiksalix.nl\/de\/wp-json\/wp\/v2\/pages\/148","targetHints":{"allow":["GET"]}}],"collection":[{"href":"https:\/\/vanschaiksalix.nl\/de\/wp-json\/wp\/v2\/pages"}],"about":[{"href":"https:\/\/vanschaiksalix.nl\/de\/wp-json\/wp\/v2\/types\/page"}],"author":[{"embeddable":true,"href":"https:\/\/vanschaiksalix.nl\/de\/wp-json\/wp\/v2\/users\/1"}],"replies":[{"embeddable":true,"href":"https:\/\/vanschaiksalix.nl\/de\/wp-json\/wp\/v2\/comments?post=148"}],"version-history":[{"count":37,"href":"https:\/\/vanschaiksalix.nl\/de\/wp-json\/wp\/v2\/pages\/148\/revisions"}],"predecessor-version":[{"id":252,"href":"https:\/\/vanschaiksalix.nl\/de\/wp-json\/wp\/v2\/pages\/148\/revisions\/252"}],"wp:attachment":[{"href":"https:\/\/vanschaiksalix.nl\/de\/wp-json\/wp\/v2\/media?parent=148"}],"curies":[{"name":"wp","href":"https:\/\/api.w.org\/{rel}","templated":true}]}}