{"id":376,"date":"2024-05-03T12:05:26","date_gmt":"2024-05-03T12:05:26","guid":{"rendered":"https:\/\/vanschaiksalix.nl\/?page_id=376"},"modified":"2024-05-03T12:09:14","modified_gmt":"2024-05-03T12:09:14","slug":"ons-ambacht","status":"publish","type":"page","link":"https:\/\/vanschaiksalix.nl\/de\/ons-ambacht\/","title":{"rendered":"Unser Handwerk"},"content":{"rendered":"<div data-elementor-type=\"wp-page\" data-elementor-id=\"376\" class=\"elementor elementor-376\" data-elementor-post-type=\"page\">\n\t\t\t\t<div class=\"elementor-element elementor-element-e87aa83 e-flex e-con-boxed e-con e-parent\" data-id=\"e87aa83\" data-element_type=\"container\" data-e-type=\"container\">\n\t\t\t\t\t<div class=\"e-con-inner\">\n\t\t\t\t<div class=\"elementor-element elementor-element-3808a33 elementor-widget elementor-widget-spacer\" data-id=\"3808a33\" data-element_type=\"widget\" data-e-type=\"widget\" data-widget_type=\"spacer.default\">\n\t\t\t\t<div class=\"elementor-widget-container\">\n\t\t\t\t\t\t\t<div class=\"elementor-spacer\">\n\t\t\t<div class=\"elementor-spacer-inner\"><\/div>\n\t\t<\/div>\n\t\t\t\t\t\t<\/div>\n\t\t\t\t<\/div>\n\t\t\t\t<div class=\"elementor-element elementor-element-e2d4b7d elementor-align-center elementor-widget elementor-widget-breadcrumbs\" data-id=\"e2d4b7d\" data-element_type=\"widget\" data-e-type=\"widget\" data-widget_type=\"breadcrumbs.default\">\n\t\t\t\t<div class=\"elementor-widget-container\">\n\t\t\t\t\t<p id=\"breadcrumbs\"><span><span><a href=\"https:\/\/vanschaiksalix.nl\/de\/\">Home<\/a><\/span><\/span><\/p>\t\t\t\t<\/div>\n\t\t\t\t<\/div>\n\t\t\t\t\t<\/div>\n\t\t\t\t<\/div>\n\t\t<div class=\"elementor-element elementor-element-153f42f e-flex e-con-boxed e-con e-parent\" data-id=\"153f42f\" data-element_type=\"container\" data-e-type=\"container\">\n\t\t\t\t\t<div class=\"e-con-inner\">\n\t\t<div class=\"elementor-element elementor-element-970192c e-con-full e-flex e-con e-child\" data-id=\"970192c\" data-element_type=\"container\" data-e-type=\"container\">\n\t\t\t\t<div class=\"elementor-element elementor-element-c921154 elementor-widget elementor-widget-text-editor\" data-id=\"c921154\" data-element_type=\"widget\" data-e-type=\"widget\" data-widget_type=\"text-editor.default\">\n\t\t\t\t<div class=\"elementor-widget-container\">\n\t\t\t\t\t\t\t\t\t<p>Die Arbeit mit Weidenholz ist unser t\u00e4gliches Gesch\u00e4ft. Wir sind uns auch davon bewusst, dass viele Menschen das Handwerk, das wir aus\u00fcben, und die Anwendungen von Weidenholz nicht kennen. M\u00f6chten Sie mehr wissen? Das ist hier m\u00f6glich!<\/p><p><strong>Werdern<\/strong><br \/>Weidenholz wird von jeher aus Werdern gewonnen: einem Gebiet, das haupts\u00e4chlich mit Kappweiden und Erlen bepflanzt ist. Das Holz wir manuell geerntet und aufgeforstet. Die Einrichtung von Plantagen, als maschinell angelegten Werdern, erm\u00f6glichte es, auch maschinell zu ernten und so die Arbeit effektiver durchzuf\u00fchren. Es wird \u00fcbrigens im Rahmen der kulturhistorischen Instandhaltung, auch noch per Hand geerntet, um die Werderkultur instand zu halten.<\/p><p><strong>Konstruktion von Sinkst\u00fccken<\/strong><br \/>Sinkst\u00fccken werden in zwei Variationen gefertigt: das traditionelle Sinkst\u00fcck und das Sinkst\u00fcck mit Geotextil. Die Variante mit Geotextil braucht weniger dick und stabil zu sein und besteht aus einer oder mehrerer Schichten Faschinen (Weidenholzb\u00fcndel) auf dem geotextilen Tuch. Traditionelle Sinkst\u00fccken bestehen vollst\u00e4ndig aus Holz und sind dadurch umweltfreundlicher. F\u00fcr diese Variante fertigen wir Gitter von Faschinen und f\u00fcllen diese mit Schichten Holz (F\u00fcllholz) von gut zehn Zentimeter St\u00e4rke. Diese Fertigung von Sinkst\u00fccken besteht aus hundertprozentigem Handwerk, ungeachtet der Variante.<\/p><p><strong>Absenken<\/strong><br \/>Um Sinkst\u00fccken absenken zu lassen, setzen wir in der Regel Pontons und Schleppbote ein. Um das Sinkst\u00fcck an die richtige Stelle zu bringen. Mithilfe eines Senkbalkens wird der Kopf des Sinkst\u00fccks auf den Grund gebracht und dann wird das Sinkst\u00fcck Meter f\u00fcr Meter zum Absenken gebracht. Eine zus\u00e4tzliche Ladung Basalt h\u00e4lt das Sinkst\u00fcck jahrzehntelang auf seinem Platz!<\/p>\t\t\t\t\t\t\t\t<\/div>\n\t\t\t\t<\/div>\n\t\t\t\t<\/div>\n\t\t<div class=\"elementor-element elementor-element-e26e22f e-con-full e-flex e-con e-child\" data-id=\"e26e22f\" data-element_type=\"container\" data-e-type=\"container\">\n\t\t\t\t<div class=\"elementor-element elementor-element-61abfaa elementor-widget elementor-widget-image\" data-id=\"61abfaa\" data-element_type=\"widget\" data-e-type=\"widget\" data-widget_type=\"image.default\">\n\t\t\t\t<div class=\"elementor-widget-container\">\n\t\t\t\t\t\t\t\t\t\t\t\t\t\t\t<img decoding=\"async\" src=\"https:\/\/vanschaiksalix.nl\/wp-content\/uploads\/2024\/05\/sidebar_ons_ambacht.jpg\" title=\"sidebar_ons_ambacht\" alt=\"sidebar_ons_ambacht\" loading=\"lazy\" \/>\t\t\t\t\t\t\t\t\t\t\t\t\t\t\t<\/div>\n\t\t\t\t<\/div>\n\t\t\t\t<\/div>\n\t\t\t\t\t<\/div>\n\t\t\t\t<\/div>\n\t\t<div class=\"elementor-element elementor-element-055fbe5 e-flex e-con-boxed e-con e-parent\" data-id=\"055fbe5\" data-element_type=\"container\" data-e-type=\"container\">\n\t\t\t\t\t<div class=\"e-con-inner\">\n\t\t\t\t<div class=\"elementor-element elementor-element-7c6290e elementor-widget elementor-widget-spacer\" data-id=\"7c6290e\" data-element_type=\"widget\" data-e-type=\"widget\" data-widget_type=\"spacer.default\">\n\t\t\t\t<div class=\"elementor-widget-container\">\n\t\t\t\t\t\t\t<div class=\"elementor-spacer\">\n\t\t\t<div class=\"elementor-spacer-inner\"><\/div>\n\t\t<\/div>\n\t\t\t\t\t\t<\/div>\n\t\t\t\t<\/div>\n\t\t\t\t\t<\/div>\n\t\t\t\t<\/div>\n\t\t\t\t<\/div>","protected":false},"excerpt":{"rendered":"<p>Werken met griendhout is ons dagelijks werk. Wij beseffen echter dat veel mensen niet bekend zijn met het ambacht dat wij uitoefenen en de toepassingen van griendhout. Wilt u meer weten? Dat kan hier! GriendenGriendhout wordt van oudsher gewonnen uit grienden: een gebied aangeplant met hoofdzakelijk (knot)wilgen en elzen. Het hout werd met de hand [&hellip;]<\/p>\n","protected":false},"author":1,"featured_media":0,"parent":0,"menu_order":0,"comment_status":"closed","ping_status":"closed","template":"","meta":{"footnotes":""},"class_list":["post-376","page","type-page","status-publish","hentry"],"yoast_head":"<!-- This site is optimized with the Yoast SEO plugin v27.4 - https:\/\/yoast.com\/product\/yoast-seo-wordpress\/ -->\n<title>Ons ambacht - Van Schaik Salix<\/title>\n<meta name=\"robots\" content=\"index, follow, max-snippet:-1, max-image-preview:large, max-video-preview:-1\" \/>\n<link rel=\"canonical\" href=\"https:\/\/vanschaiksalix.nl\/de\/ons-ambacht\/\" \/>\n<meta property=\"og:locale\" content=\"de_DE\" \/>\n<meta property=\"og:type\" content=\"article\" \/>\n<meta property=\"og:title\" content=\"Ons ambacht - Van Schaik Salix\" \/>\n<meta property=\"og:description\" content=\"Werken met griendhout is ons dagelijks werk. Wij beseffen echter dat veel mensen niet bekend zijn met het ambacht dat wij uitoefenen en de toepassingen van griendhout. Wilt u meer weten? Dat kan hier! GriendenGriendhout wordt van oudsher gewonnen uit grienden: een gebied aangeplant met hoofdzakelijk (knot)wilgen en elzen. Het hout werd met de hand [&hellip;]\" \/>\n<meta property=\"og:url\" content=\"https:\/\/vanschaiksalix.nl\/de\/ons-ambacht\/\" \/>\n<meta property=\"og:site_name\" content=\"Van Schaik Salix\" \/>\n<meta property=\"article:publisher\" content=\"https:\/\/www.facebook.com\/vanschaikingen\" \/>\n<meta property=\"article:modified_time\" content=\"2024-05-03T12:09:14+00:00\" \/>\n<meta property=\"og:image\" content=\"https:\/\/vanschaiksalix.nl\/wp-content\/uploads\/2024\/05\/sidebar_ons_ambacht.jpg\" \/>\n<meta name=\"twitter:card\" content=\"summary_large_image\" \/>\n<meta name=\"twitter:label1\" content=\"Gesch\u00e4tzte Lesezeit\" \/>\n\t<meta name=\"twitter:data1\" content=\"2\u00a0Minuten\" \/>\n<script type=\"application\/ld+json\" class=\"yoast-schema-graph\">{\"@context\":\"https:\\\/\\\/schema.org\",\"@graph\":[{\"@type\":\"WebPage\",\"@id\":\"https:\\\/\\\/vanschaiksalix.nl\\\/ons-ambacht\\\/\",\"url\":\"https:\\\/\\\/vanschaiksalix.nl\\\/ons-ambacht\\\/\",\"name\":\"Ons ambacht - Van Schaik Salix\",\"isPartOf\":{\"@id\":\"https:\\\/\\\/vanschaiksalix.nl\\\/#website\"},\"primaryImageOfPage\":{\"@id\":\"https:\\\/\\\/vanschaiksalix.nl\\\/ons-ambacht\\\/#primaryimage\"},\"image\":{\"@id\":\"https:\\\/\\\/vanschaiksalix.nl\\\/ons-ambacht\\\/#primaryimage\"},\"thumbnailUrl\":\"https:\\\/\\\/vanschaiksalix.nl\\\/wp-content\\\/uploads\\\/2024\\\/05\\\/sidebar_ons_ambacht.jpg\",\"datePublished\":\"2024-05-03T12:05:26+00:00\",\"dateModified\":\"2024-05-03T12:09:14+00:00\",\"breadcrumb\":{\"@id\":\"https:\\\/\\\/vanschaiksalix.nl\\\/ons-ambacht\\\/#breadcrumb\"},\"inLanguage\":\"de\",\"potentialAction\":[{\"@type\":\"ReadAction\",\"target\":[\"https:\\\/\\\/vanschaiksalix.nl\\\/ons-ambacht\\\/\"]}]},{\"@type\":\"ImageObject\",\"inLanguage\":\"de\",\"@id\":\"https:\\\/\\\/vanschaiksalix.nl\\\/ons-ambacht\\\/#primaryimage\",\"url\":\"https:\\\/\\\/vanschaiksalix.nl\\\/wp-content\\\/uploads\\\/2024\\\/05\\\/sidebar_ons_ambacht.jpg\",\"contentUrl\":\"https:\\\/\\\/vanschaiksalix.nl\\\/wp-content\\\/uploads\\\/2024\\\/05\\\/sidebar_ons_ambacht.jpg\"},{\"@type\":\"BreadcrumbList\",\"@id\":\"https:\\\/\\\/vanschaiksalix.nl\\\/ons-ambacht\\\/#breadcrumb\",\"itemListElement\":[{\"@type\":\"ListItem\",\"position\":1,\"name\":\"Home\",\"item\":\"https:\\\/\\\/vanschaiksalix.nl\\\/\"},{\"@type\":\"ListItem\",\"position\":2,\"name\":\"Ons ambacht\"}]},{\"@type\":\"WebSite\",\"@id\":\"https:\\\/\\\/vanschaiksalix.nl\\\/#website\",\"url\":\"https:\\\/\\\/vanschaiksalix.nl\\\/\",\"name\":\"Handelsonderneming Van Schaik BV\",\"description\":\"\",\"publisher\":{\"@id\":\"https:\\\/\\\/vanschaiksalix.nl\\\/#organization\"},\"potentialAction\":[{\"@type\":\"SearchAction\",\"target\":{\"@type\":\"EntryPoint\",\"urlTemplate\":\"https:\\\/\\\/vanschaiksalix.nl\\\/?s={search_term_string}\"},\"query-input\":{\"@type\":\"PropertyValueSpecification\",\"valueRequired\":true,\"valueName\":\"search_term_string\"}}],\"inLanguage\":\"de\"},{\"@type\":\"Organization\",\"@id\":\"https:\\\/\\\/vanschaiksalix.nl\\\/#organization\",\"name\":\"Handelsonderneming Van Schaik BV\",\"url\":\"https:\\\/\\\/vanschaiksalix.nl\\\/\",\"logo\":{\"@type\":\"ImageObject\",\"inLanguage\":\"de\",\"@id\":\"https:\\\/\\\/vanschaiksalix.nl\\\/#\\\/schema\\\/logo\\\/image\\\/\",\"url\":\"https:\\\/\\\/vanschaiksalix.nl\\\/wp-content\\\/uploads\\\/2024\\\/03\\\/logo_van-schaik-salix-h135.png\",\"contentUrl\":\"https:\\\/\\\/vanschaiksalix.nl\\\/wp-content\\\/uploads\\\/2024\\\/03\\\/logo_van-schaik-salix-h135.png\",\"width\":134,\"height\":135,\"caption\":\"Handelsonderneming Van Schaik BV\"},\"image\":{\"@id\":\"https:\\\/\\\/vanschaiksalix.nl\\\/#\\\/schema\\\/logo\\\/image\\\/\"},\"sameAs\":[\"https:\\\/\\\/www.facebook.com\\\/vanschaikingen\"]}]}<\/script>\n<!-- \/ Yoast SEO plugin. -->","yoast_head_json":{"title":"Unser Handwerk - Van Schaik Salix","robots":{"index":"index","follow":"follow","max-snippet":"max-snippet:-1","max-image-preview":"max-image-preview:large","max-video-preview":"max-video-preview:-1"},"canonical":"https:\/\/vanschaiksalix.nl\/de\/ons-ambacht\/","og_locale":"de_DE","og_type":"article","og_title":"Ons ambacht - Van Schaik Salix","og_description":"Werken met griendhout is ons dagelijks werk. Wij beseffen echter dat veel mensen niet bekend zijn met het ambacht dat wij uitoefenen en de toepassingen van griendhout. Wilt u meer weten? Dat kan hier! GriendenGriendhout wordt van oudsher gewonnen uit grienden: een gebied aangeplant met hoofdzakelijk (knot)wilgen en elzen. Het hout werd met de hand [&hellip;]","og_url":"https:\/\/vanschaiksalix.nl\/de\/ons-ambacht\/","og_site_name":"Van Schaik Salix","article_publisher":"https:\/\/www.facebook.com\/vanschaikingen","article_modified_time":"2024-05-03T12:09:14+00:00","og_image":[{"url":"https:\/\/vanschaiksalix.nl\/wp-content\/uploads\/2024\/05\/sidebar_ons_ambacht.jpg","type":"","width":"","height":""}],"twitter_card":"summary_large_image","twitter_misc":{"Gesch\u00e4tzte Lesezeit":"2\u00a0Minuten"},"schema":{"@context":"https:\/\/schema.org","@graph":[{"@type":"WebPage","@id":"https:\/\/vanschaiksalix.nl\/ons-ambacht\/","url":"https:\/\/vanschaiksalix.nl\/ons-ambacht\/","name":"Unser Handwerk - Van Schaik Salix","isPartOf":{"@id":"https:\/\/vanschaiksalix.nl\/#website"},"primaryImageOfPage":{"@id":"https:\/\/vanschaiksalix.nl\/ons-ambacht\/#primaryimage"},"image":{"@id":"https:\/\/vanschaiksalix.nl\/ons-ambacht\/#primaryimage"},"thumbnailUrl":"https:\/\/vanschaiksalix.nl\/wp-content\/uploads\/2024\/05\/sidebar_ons_ambacht.jpg","datePublished":"2024-05-03T12:05:26+00:00","dateModified":"2024-05-03T12:09:14+00:00","breadcrumb":{"@id":"https:\/\/vanschaiksalix.nl\/ons-ambacht\/#breadcrumb"},"inLanguage":"de","potentialAction":[{"@type":"ReadAction","target":["https:\/\/vanschaiksalix.nl\/ons-ambacht\/"]}]},{"@type":"ImageObject","inLanguage":"de","@id":"https:\/\/vanschaiksalix.nl\/ons-ambacht\/#primaryimage","url":"https:\/\/vanschaiksalix.nl\/wp-content\/uploads\/2024\/05\/sidebar_ons_ambacht.jpg","contentUrl":"https:\/\/vanschaiksalix.nl\/wp-content\/uploads\/2024\/05\/sidebar_ons_ambacht.jpg"},{"@type":"BreadcrumbList","@id":"https:\/\/vanschaiksalix.nl\/ons-ambacht\/#breadcrumb","itemListElement":[{"@type":"ListItem","position":1,"name":"Home","item":"https:\/\/vanschaiksalix.nl\/"},{"@type":"ListItem","position":2,"name":"Ons ambacht"}]},{"@type":"WebSite","@id":"https:\/\/vanschaiksalix.nl\/#website","url":"https:\/\/vanschaiksalix.nl\/","name":"Handelsonderneming Van Schaik BV","description":"","publisher":{"@id":"https:\/\/vanschaiksalix.nl\/#organization"},"potentialAction":[{"@type":"SearchAction","target":{"@type":"EntryPoint","urlTemplate":"https:\/\/vanschaiksalix.nl\/?s={search_term_string}"},"query-input":{"@type":"PropertyValueSpecification","valueRequired":true,"valueName":"search_term_string"}}],"inLanguage":"de"},{"@type":"Organization","@id":"https:\/\/vanschaiksalix.nl\/#organization","name":"Handelsonderneming Van Schaik BV","url":"https:\/\/vanschaiksalix.nl\/","logo":{"@type":"ImageObject","inLanguage":"de","@id":"https:\/\/vanschaiksalix.nl\/#\/schema\/logo\/image\/","url":"https:\/\/vanschaiksalix.nl\/wp-content\/uploads\/2024\/03\/logo_van-schaik-salix-h135.png","contentUrl":"https:\/\/vanschaiksalix.nl\/wp-content\/uploads\/2024\/03\/logo_van-schaik-salix-h135.png","width":134,"height":135,"caption":"Handelsonderneming Van Schaik BV"},"image":{"@id":"https:\/\/vanschaiksalix.nl\/#\/schema\/logo\/image\/"},"sameAs":["https:\/\/www.facebook.com\/vanschaikingen"]}]}},"_links":{"self":[{"href":"https:\/\/vanschaiksalix.nl\/de\/wp-json\/wp\/v2\/pages\/376","targetHints":{"allow":["GET"]}}],"collection":[{"href":"https:\/\/vanschaiksalix.nl\/de\/wp-json\/wp\/v2\/pages"}],"about":[{"href":"https:\/\/vanschaiksalix.nl\/de\/wp-json\/wp\/v2\/types\/page"}],"author":[{"embeddable":true,"href":"https:\/\/vanschaiksalix.nl\/de\/wp-json\/wp\/v2\/users\/1"}],"replies":[{"embeddable":true,"href":"https:\/\/vanschaiksalix.nl\/de\/wp-json\/wp\/v2\/comments?post=376"}],"version-history":[{"count":10,"href":"https:\/\/vanschaiksalix.nl\/de\/wp-json\/wp\/v2\/pages\/376\/revisions"}],"predecessor-version":[{"id":388,"href":"https:\/\/vanschaiksalix.nl\/de\/wp-json\/wp\/v2\/pages\/376\/revisions\/388"}],"wp:attachment":[{"href":"https:\/\/vanschaiksalix.nl\/de\/wp-json\/wp\/v2\/media?parent=376"}],"curies":[{"name":"wp","href":"https:\/\/api.w.org\/{rel}","templated":true}]}}