{"id":376,"date":"2024-05-03T12:05:26","date_gmt":"2024-05-03T12:05:26","guid":{"rendered":"https:\/\/vanschaiksalix.nl\/?page_id=376"},"modified":"2024-05-03T12:09:14","modified_gmt":"2024-05-03T12:09:14","slug":"ons-ambacht","status":"publish","type":"page","link":"https:\/\/vanschaiksalix.nl\/pl\/ons-ambacht\/","title":{"rendered":"Nasze Rzemios\u0142o"},"content":{"rendered":"<div data-elementor-type=\"wp-page\" data-elementor-id=\"376\" class=\"elementor elementor-376\" data-elementor-post-type=\"page\">\n\t\t\t\t<div class=\"elementor-element elementor-element-e87aa83 e-flex e-con-boxed e-con e-parent\" data-id=\"e87aa83\" data-element_type=\"container\" data-e-type=\"container\">\n\t\t\t\t\t<div class=\"e-con-inner\">\n\t\t\t\t<div class=\"elementor-element elementor-element-3808a33 elementor-widget elementor-widget-spacer\" data-id=\"3808a33\" data-element_type=\"widget\" data-e-type=\"widget\" data-widget_type=\"spacer.default\">\n\t\t\t\t<div class=\"elementor-widget-container\">\n\t\t\t\t\t\t\t<div class=\"elementor-spacer\">\n\t\t\t<div class=\"elementor-spacer-inner\"><\/div>\n\t\t<\/div>\n\t\t\t\t\t\t<\/div>\n\t\t\t\t<\/div>\n\t\t\t\t<div class=\"elementor-element elementor-element-e2d4b7d elementor-align-center elementor-widget elementor-widget-breadcrumbs\" data-id=\"e2d4b7d\" data-element_type=\"widget\" data-e-type=\"widget\" data-widget_type=\"breadcrumbs.default\">\n\t\t\t\t<div class=\"elementor-widget-container\">\n\t\t\t\t\t<p id=\"breadcrumbs\"><span><span><a href=\"https:\/\/vanschaiksalix.nl\/pl\/\">Home<\/a><\/span><\/span><\/p>\t\t\t\t<\/div>\n\t\t\t\t<\/div>\n\t\t\t\t\t<\/div>\n\t\t\t\t<\/div>\n\t\t<div class=\"elementor-element elementor-element-153f42f e-flex e-con-boxed e-con e-parent\" data-id=\"153f42f\" data-element_type=\"container\" data-e-type=\"container\">\n\t\t\t\t\t<div class=\"e-con-inner\">\n\t\t<div class=\"elementor-element elementor-element-970192c e-con-full e-flex e-con e-child\" data-id=\"970192c\" data-element_type=\"container\" data-e-type=\"container\">\n\t\t\t\t<div class=\"elementor-element elementor-element-c921154 elementor-widget elementor-widget-text-editor\" data-id=\"c921154\" data-element_type=\"widget\" data-e-type=\"widget\" data-widget_type=\"text-editor.default\">\n\t\t\t\t<div class=\"elementor-widget-container\">\n\t\t\t\t\t\t\t\t\t<p>Praca z wierzb\u0105 jest naszym codziennym zaj\u0119ciem . Ale zdajemy sobie spraw\u0119, \u017ce wiele os\u00f3b nie zna wiele prac, kt\u00f3re wykonuje si\u0119 z drewna wierzby. Chcesz dowiedzie\u0107 si\u0119? To mo\u017ce tutaj!<\/p><p><strong>Wierzby z polder\u00f3w<\/strong><br \/>Wierzbowe drewno jest tradycyjnie pozyskiwane z polder\u00f3w: na powierzchni obsadzonej (pie\u0144kami) g\u0142\u00f3wnie wierzby i olchy. Drewno zbierano r\u0119cznie i wi\u0105zano w wi\u0105zki.\nPochodz\u0105ce z plantacji, jest koszone mechanicznie , Zbi\u00f3r mechaniczny czyni prace \u0142atwiejsz\u0105, i bardziej wydajn\u0105. Nasza firma posiada du\u017ce do\u015bwiadczenie, i niezb\u0119dn\u0105 infrastruktur\u0119 do realizacji projekt\u00f3w zwi\u0105zanych, z utrzymaniem plantacji, a w szczeg\u00f3lno\u015bci tych po\u0142o\u017conych na terenach zalewowych. Nasza firma ma do dyspozycji pontony,barki,a tak\u017ce ma\u0142e \u0142odzie. Do poruszania si\u0119 po l\u0105dzie posiadamy pojazd g\u0105sienicowy, ze wzgl\u0119du na niski ci\u0119\u017car i zwart\u0105 konstrukcje doskonale pasuje do prac na podmok\u0142ym terenie.<\/p><p><strong>Budowa materacy faszynowych.<\/strong><br \/>Maty faszynowe wykonane s\u0105 w dw\u00f3ch wariantach: tradycyjny materac i materac na geow\u0142\u00f3kninie . Wariant z geow\u0142\u00f3knin\u0105 jest ta\u0144szym i szybszym wariantem. Sk\u0142ada si\u0119 z geow\u0142\u00f3knin i dw\u00f3ch warstw kiszek. Druga opcja to mata klasyczna. Bardziej ekologiczna bo bez geow\u0142\u00f3knin .Dwa rz\u0119dy kiszek na dole, wype\u0142nienie pakiem faszynowym u\u0142o\u017conym naprzemiennie do wymaganej grubo\u015bci i zn\u00f3w dwa rz\u0119dy kiszek na g\u00f3rze. Wszystko zwi\u0105zane sznurkiem lub drutem, w zale\u017cno\u015bci od specyfikacji.<\/p><p><strong>Zatapianie<\/strong><br \/>Do zatopienia materace og\u00f3lnie u\u017cywamy barki i holownika. W celu doprowadzenia materaca faszynowego na odpowiednie miejsce przywi\u0105zuje si\u0119 go za pomoc\u0105 lin bezpo\u015brednio do barki lub holownika. Mo\u017cna te\u017c u\u017cy\u0107 baliku metalowego kt\u00f3ry jest pomocny podczas precyzyjnego zatapiania. Zatapianie odbywa si\u0119 poprzez jednoczesne opuszczanie baliku i umiejscowieniem maty na miejscu za pomoc\u0105 kamieni bazaltowych. Co w komplecie stanowi mocn\u0105 i solidn\u0105 konstrukcje.<\/p>\t\t\t\t\t\t\t\t<\/div>\n\t\t\t\t<\/div>\n\t\t\t\t<\/div>\n\t\t<div class=\"elementor-element elementor-element-e26e22f e-con-full e-flex e-con e-child\" data-id=\"e26e22f\" data-element_type=\"container\" data-e-type=\"container\">\n\t\t\t\t<div class=\"elementor-element elementor-element-61abfaa elementor-widget elementor-widget-image\" data-id=\"61abfaa\" data-element_type=\"widget\" data-e-type=\"widget\" data-widget_type=\"image.default\">\n\t\t\t\t<div class=\"elementor-widget-container\">\n\t\t\t\t\t\t\t\t\t\t\t\t\t\t\t<img decoding=\"async\" src=\"https:\/\/vanschaiksalix.nl\/wp-content\/uploads\/2024\/05\/sidebar_ons_ambacht.jpg\" title=\"sidebar_ons_ambacht\" alt=\"sidebar_ons_ambacht\" loading=\"lazy\" \/>\t\t\t\t\t\t\t\t\t\t\t\t\t\t\t<\/div>\n\t\t\t\t<\/div>\n\t\t\t\t<\/div>\n\t\t\t\t\t<\/div>\n\t\t\t\t<\/div>\n\t\t<div class=\"elementor-element elementor-element-055fbe5 e-flex e-con-boxed e-con e-parent\" data-id=\"055fbe5\" data-element_type=\"container\" data-e-type=\"container\">\n\t\t\t\t\t<div class=\"e-con-inner\">\n\t\t\t\t<div class=\"elementor-element elementor-element-7c6290e elementor-widget elementor-widget-spacer\" data-id=\"7c6290e\" data-element_type=\"widget\" data-e-type=\"widget\" data-widget_type=\"spacer.default\">\n\t\t\t\t<div class=\"elementor-widget-container\">\n\t\t\t\t\t\t\t<div class=\"elementor-spacer\">\n\t\t\t<div class=\"elementor-spacer-inner\"><\/div>\n\t\t<\/div>\n\t\t\t\t\t\t<\/div>\n\t\t\t\t<\/div>\n\t\t\t\t\t<\/div>\n\t\t\t\t<\/div>\n\t\t\t\t<\/div>","protected":false},"excerpt":{"rendered":"<p>Werken met griendhout is ons dagelijks werk. Wij beseffen echter dat veel mensen niet bekend zijn met het ambacht dat wij uitoefenen en de toepassingen van griendhout. Wilt u meer weten? Dat kan hier! GriendenGriendhout wordt van oudsher gewonnen uit grienden: een gebied aangeplant met hoofdzakelijk (knot)wilgen en elzen. Het hout werd met de hand [&hellip;]<\/p>\n","protected":false},"author":1,"featured_media":0,"parent":0,"menu_order":0,"comment_status":"closed","ping_status":"closed","template":"","meta":{"footnotes":""},"class_list":["post-376","page","type-page","status-publish","hentry"],"yoast_head":"<!-- This site is optimized with the Yoast SEO plugin v27.4 - https:\/\/yoast.com\/product\/yoast-seo-wordpress\/ -->\n<title>Ons ambacht - Van Schaik Salix<\/title>\n<meta name=\"robots\" content=\"index, follow, max-snippet:-1, max-image-preview:large, max-video-preview:-1\" \/>\n<link rel=\"canonical\" href=\"https:\/\/vanschaiksalix.nl\/pl\/ons-ambacht\/\" \/>\n<meta property=\"og:locale\" content=\"pl_PL\" \/>\n<meta property=\"og:type\" content=\"article\" \/>\n<meta property=\"og:title\" content=\"Ons ambacht - Van Schaik Salix\" \/>\n<meta property=\"og:description\" content=\"Werken met griendhout is ons dagelijks werk. Wij beseffen echter dat veel mensen niet bekend zijn met het ambacht dat wij uitoefenen en de toepassingen van griendhout. Wilt u meer weten? Dat kan hier! GriendenGriendhout wordt van oudsher gewonnen uit grienden: een gebied aangeplant met hoofdzakelijk (knot)wilgen en elzen. Het hout werd met de hand [&hellip;]\" \/>\n<meta property=\"og:url\" content=\"https:\/\/vanschaiksalix.nl\/pl\/ons-ambacht\/\" \/>\n<meta property=\"og:site_name\" content=\"Van Schaik Salix\" \/>\n<meta property=\"article:publisher\" content=\"https:\/\/www.facebook.com\/vanschaikingen\" \/>\n<meta property=\"article:modified_time\" content=\"2024-05-03T12:09:14+00:00\" \/>\n<meta property=\"og:image\" content=\"https:\/\/vanschaiksalix.nl\/wp-content\/uploads\/2024\/05\/sidebar_ons_ambacht.jpg\" \/>\n<meta name=\"twitter:card\" content=\"summary_large_image\" \/>\n<meta name=\"twitter:label1\" content=\"Szacowany czas czytania\" \/>\n\t<meta name=\"twitter:data1\" content=\"2 minuty\" \/>\n<script type=\"application\/ld+json\" class=\"yoast-schema-graph\">{\"@context\":\"https:\\\/\\\/schema.org\",\"@graph\":[{\"@type\":\"WebPage\",\"@id\":\"https:\\\/\\\/vanschaiksalix.nl\\\/ons-ambacht\\\/\",\"url\":\"https:\\\/\\\/vanschaiksalix.nl\\\/ons-ambacht\\\/\",\"name\":\"Ons ambacht - Van Schaik Salix\",\"isPartOf\":{\"@id\":\"https:\\\/\\\/vanschaiksalix.nl\\\/#website\"},\"primaryImageOfPage\":{\"@id\":\"https:\\\/\\\/vanschaiksalix.nl\\\/ons-ambacht\\\/#primaryimage\"},\"image\":{\"@id\":\"https:\\\/\\\/vanschaiksalix.nl\\\/ons-ambacht\\\/#primaryimage\"},\"thumbnailUrl\":\"https:\\\/\\\/vanschaiksalix.nl\\\/wp-content\\\/uploads\\\/2024\\\/05\\\/sidebar_ons_ambacht.jpg\",\"datePublished\":\"2024-05-03T12:05:26+00:00\",\"dateModified\":\"2024-05-03T12:09:14+00:00\",\"breadcrumb\":{\"@id\":\"https:\\\/\\\/vanschaiksalix.nl\\\/ons-ambacht\\\/#breadcrumb\"},\"inLanguage\":\"pl-PL\",\"potentialAction\":[{\"@type\":\"ReadAction\",\"target\":[\"https:\\\/\\\/vanschaiksalix.nl\\\/ons-ambacht\\\/\"]}]},{\"@type\":\"ImageObject\",\"inLanguage\":\"pl-PL\",\"@id\":\"https:\\\/\\\/vanschaiksalix.nl\\\/ons-ambacht\\\/#primaryimage\",\"url\":\"https:\\\/\\\/vanschaiksalix.nl\\\/wp-content\\\/uploads\\\/2024\\\/05\\\/sidebar_ons_ambacht.jpg\",\"contentUrl\":\"https:\\\/\\\/vanschaiksalix.nl\\\/wp-content\\\/uploads\\\/2024\\\/05\\\/sidebar_ons_ambacht.jpg\"},{\"@type\":\"BreadcrumbList\",\"@id\":\"https:\\\/\\\/vanschaiksalix.nl\\\/ons-ambacht\\\/#breadcrumb\",\"itemListElement\":[{\"@type\":\"ListItem\",\"position\":1,\"name\":\"Home\",\"item\":\"https:\\\/\\\/vanschaiksalix.nl\\\/\"},{\"@type\":\"ListItem\",\"position\":2,\"name\":\"Ons ambacht\"}]},{\"@type\":\"WebSite\",\"@id\":\"https:\\\/\\\/vanschaiksalix.nl\\\/#website\",\"url\":\"https:\\\/\\\/vanschaiksalix.nl\\\/\",\"name\":\"Handelsonderneming Van Schaik BV\",\"description\":\"\",\"publisher\":{\"@id\":\"https:\\\/\\\/vanschaiksalix.nl\\\/#organization\"},\"potentialAction\":[{\"@type\":\"SearchAction\",\"target\":{\"@type\":\"EntryPoint\",\"urlTemplate\":\"https:\\\/\\\/vanschaiksalix.nl\\\/?s={search_term_string}\"},\"query-input\":{\"@type\":\"PropertyValueSpecification\",\"valueRequired\":true,\"valueName\":\"search_term_string\"}}],\"inLanguage\":\"pl-PL\"},{\"@type\":\"Organization\",\"@id\":\"https:\\\/\\\/vanschaiksalix.nl\\\/#organization\",\"name\":\"Handelsonderneming Van Schaik BV\",\"url\":\"https:\\\/\\\/vanschaiksalix.nl\\\/\",\"logo\":{\"@type\":\"ImageObject\",\"inLanguage\":\"pl-PL\",\"@id\":\"https:\\\/\\\/vanschaiksalix.nl\\\/#\\\/schema\\\/logo\\\/image\\\/\",\"url\":\"https:\\\/\\\/vanschaiksalix.nl\\\/wp-content\\\/uploads\\\/2024\\\/03\\\/logo_van-schaik-salix-h135.png\",\"contentUrl\":\"https:\\\/\\\/vanschaiksalix.nl\\\/wp-content\\\/uploads\\\/2024\\\/03\\\/logo_van-schaik-salix-h135.png\",\"width\":134,\"height\":135,\"caption\":\"Handelsonderneming Van Schaik BV\"},\"image\":{\"@id\":\"https:\\\/\\\/vanschaiksalix.nl\\\/#\\\/schema\\\/logo\\\/image\\\/\"},\"sameAs\":[\"https:\\\/\\\/www.facebook.com\\\/vanschaikingen\"]}]}<\/script>\n<!-- \/ Yoast SEO plugin. -->","yoast_head_json":{"title":"Nasze rzemios\u0142o - Van Schaik Salix","robots":{"index":"index","follow":"follow","max-snippet":"max-snippet:-1","max-image-preview":"max-image-preview:large","max-video-preview":"max-video-preview:-1"},"canonical":"https:\/\/vanschaiksalix.nl\/pl\/ons-ambacht\/","og_locale":"pl_PL","og_type":"article","og_title":"Ons ambacht - Van Schaik Salix","og_description":"Werken met griendhout is ons dagelijks werk. Wij beseffen echter dat veel mensen niet bekend zijn met het ambacht dat wij uitoefenen en de toepassingen van griendhout. Wilt u meer weten? Dat kan hier! GriendenGriendhout wordt van oudsher gewonnen uit grienden: een gebied aangeplant met hoofdzakelijk (knot)wilgen en elzen. Het hout werd met de hand [&hellip;]","og_url":"https:\/\/vanschaiksalix.nl\/pl\/ons-ambacht\/","og_site_name":"Van Schaik Salix","article_publisher":"https:\/\/www.facebook.com\/vanschaikingen","article_modified_time":"2024-05-03T12:09:14+00:00","og_image":[{"url":"https:\/\/vanschaiksalix.nl\/wp-content\/uploads\/2024\/05\/sidebar_ons_ambacht.jpg","type":"","width":"","height":""}],"twitter_card":"summary_large_image","twitter_misc":{"Szacowany czas czytania":"2 minuty"},"schema":{"@context":"https:\/\/schema.org","@graph":[{"@type":"WebPage","@id":"https:\/\/vanschaiksalix.nl\/ons-ambacht\/","url":"https:\/\/vanschaiksalix.nl\/ons-ambacht\/","name":"Nasze rzemios\u0142o - Van Schaik Salix","isPartOf":{"@id":"https:\/\/vanschaiksalix.nl\/#website"},"primaryImageOfPage":{"@id":"https:\/\/vanschaiksalix.nl\/ons-ambacht\/#primaryimage"},"image":{"@id":"https:\/\/vanschaiksalix.nl\/ons-ambacht\/#primaryimage"},"thumbnailUrl":"https:\/\/vanschaiksalix.nl\/wp-content\/uploads\/2024\/05\/sidebar_ons_ambacht.jpg","datePublished":"2024-05-03T12:05:26+00:00","dateModified":"2024-05-03T12:09:14+00:00","breadcrumb":{"@id":"https:\/\/vanschaiksalix.nl\/ons-ambacht\/#breadcrumb"},"inLanguage":"pl-PL","potentialAction":[{"@type":"ReadAction","target":["https:\/\/vanschaiksalix.nl\/ons-ambacht\/"]}]},{"@type":"ImageObject","inLanguage":"pl-PL","@id":"https:\/\/vanschaiksalix.nl\/ons-ambacht\/#primaryimage","url":"https:\/\/vanschaiksalix.nl\/wp-content\/uploads\/2024\/05\/sidebar_ons_ambacht.jpg","contentUrl":"https:\/\/vanschaiksalix.nl\/wp-content\/uploads\/2024\/05\/sidebar_ons_ambacht.jpg"},{"@type":"BreadcrumbList","@id":"https:\/\/vanschaiksalix.nl\/ons-ambacht\/#breadcrumb","itemListElement":[{"@type":"ListItem","position":1,"name":"Home","item":"https:\/\/vanschaiksalix.nl\/"},{"@type":"ListItem","position":2,"name":"Ons ambacht"}]},{"@type":"WebSite","@id":"https:\/\/vanschaiksalix.nl\/#website","url":"https:\/\/vanschaiksalix.nl\/","name":"Handelsonderneming Van Schaik BV","description":"","publisher":{"@id":"https:\/\/vanschaiksalix.nl\/#organization"},"potentialAction":[{"@type":"SearchAction","target":{"@type":"EntryPoint","urlTemplate":"https:\/\/vanschaiksalix.nl\/?s={search_term_string}"},"query-input":{"@type":"PropertyValueSpecification","valueRequired":true,"valueName":"search_term_string"}}],"inLanguage":"pl-PL"},{"@type":"Organization","@id":"https:\/\/vanschaiksalix.nl\/#organization","name":"Handelsonderneming Van Schaik BV","url":"https:\/\/vanschaiksalix.nl\/","logo":{"@type":"ImageObject","inLanguage":"pl-PL","@id":"https:\/\/vanschaiksalix.nl\/#\/schema\/logo\/image\/","url":"https:\/\/vanschaiksalix.nl\/wp-content\/uploads\/2024\/03\/logo_van-schaik-salix-h135.png","contentUrl":"https:\/\/vanschaiksalix.nl\/wp-content\/uploads\/2024\/03\/logo_van-schaik-salix-h135.png","width":134,"height":135,"caption":"Handelsonderneming Van Schaik BV"},"image":{"@id":"https:\/\/vanschaiksalix.nl\/#\/schema\/logo\/image\/"},"sameAs":["https:\/\/www.facebook.com\/vanschaikingen"]}]}},"_links":{"self":[{"href":"https:\/\/vanschaiksalix.nl\/pl\/wp-json\/wp\/v2\/pages\/376","targetHints":{"allow":["GET"]}}],"collection":[{"href":"https:\/\/vanschaiksalix.nl\/pl\/wp-json\/wp\/v2\/pages"}],"about":[{"href":"https:\/\/vanschaiksalix.nl\/pl\/wp-json\/wp\/v2\/types\/page"}],"author":[{"embeddable":true,"href":"https:\/\/vanschaiksalix.nl\/pl\/wp-json\/wp\/v2\/users\/1"}],"replies":[{"embeddable":true,"href":"https:\/\/vanschaiksalix.nl\/pl\/wp-json\/wp\/v2\/comments?post=376"}],"version-history":[{"count":10,"href":"https:\/\/vanschaiksalix.nl\/pl\/wp-json\/wp\/v2\/pages\/376\/revisions"}],"predecessor-version":[{"id":388,"href":"https:\/\/vanschaiksalix.nl\/pl\/wp-json\/wp\/v2\/pages\/376\/revisions\/388"}],"wp:attachment":[{"href":"https:\/\/vanschaiksalix.nl\/pl\/wp-json\/wp\/v2\/media?parent=376"}],"curies":[{"name":"wp","href":"https:\/\/api.w.org\/{rel}","templated":true}]}}