{"id":501,"date":"2024-05-03T13:12:32","date_gmt":"2024-05-03T13:12:32","guid":{"rendered":"https:\/\/vanschaiksalix.nl\/?page_id=501"},"modified":"2024-05-10T08:56:11","modified_gmt":"2024-05-10T08:56:11","slug":"producten-stuifschermen","status":"publish","type":"page","link":"https:\/\/vanschaiksalix.nl\/pl\/overzicht-producten-van-schaik-salix\/producten-stuifschermen\/","title":{"rendered":"Ochrona wydm"},"content":{"rendered":"<div data-elementor-type=\"wp-page\" data-elementor-id=\"501\" class=\"elementor elementor-501\" data-elementor-post-type=\"page\">\n\t\t\t\t<div class=\"elementor-element elementor-element-e87aa83 e-flex e-con-boxed e-con e-parent\" data-id=\"e87aa83\" data-element_type=\"container\" data-e-type=\"container\">\n\t\t\t\t\t<div class=\"e-con-inner\">\n\t\t\t\t<div class=\"elementor-element elementor-element-3808a33 elementor-widget elementor-widget-spacer\" data-id=\"3808a33\" data-element_type=\"widget\" data-e-type=\"widget\" data-widget_type=\"spacer.default\">\n\t\t\t\t<div class=\"elementor-widget-container\">\n\t\t\t\t\t\t\t<div class=\"elementor-spacer\">\n\t\t\t<div class=\"elementor-spacer-inner\"><\/div>\n\t\t<\/div>\n\t\t\t\t\t\t<\/div>\n\t\t\t\t<\/div>\n\t\t\t\t<div class=\"elementor-element elementor-element-e2d4b7d elementor-align-center elementor-widget elementor-widget-breadcrumbs\" data-id=\"e2d4b7d\" data-element_type=\"widget\" data-e-type=\"widget\" data-widget_type=\"breadcrumbs.default\">\n\t\t\t\t<div class=\"elementor-widget-container\">\n\t\t\t\t\t<p id=\"breadcrumbs\"><span><span><a href=\"https:\/\/vanschaiksalix.nl\/pl\/\">Home<\/a><\/span><\/span><\/p>\t\t\t\t<\/div>\n\t\t\t\t<\/div>\n\t\t\t\t\t<\/div>\n\t\t\t\t<\/div>\n\t\t<div class=\"elementor-element elementor-element-055fbe5 e-flex e-con-boxed e-con e-parent\" data-id=\"055fbe5\" data-element_type=\"container\" data-e-type=\"container\">\n\t\t\t\t\t<div class=\"e-con-inner\">\n\t\t\t\t<div class=\"elementor-element elementor-element-5861cd8 elementor-widget elementor-widget-text-editor\" data-id=\"5861cd8\" data-element_type=\"widget\" data-e-type=\"widget\" data-widget_type=\"text-editor.default\">\n\t\t\t\t<div class=\"elementor-widget-container\">\n\t\t\t\t\t\t\t\t\t<h1>Ochrona wydm<\/h1><p>Ekrany dryfuj\u0105ce s\u0142u\u017c\u0105 do wspierania wzrostu wydm, utrzymywania dr\u00f3g w czysto\u015bci i regulowania znoszenia. Nasza firma posiada wieloletnie do\u015bwiadczenie w dostarczaniu i monta\u017cu ekran\u00f3w z wikliny i chrustu. Prace specjalistyczne, kt\u00f3re mo\u017cesz nam \u015bmia\u0142o powierzy\u0107.<\/p><p>Ekrany dryfuj\u0105ce s\u0105 wykorzystywane do kilku cel\u00f3w. Zbieraj\u0105c nawiewany piasek do wysoko\u015bci oko\u0142o jednego metra, pomagaj\u0105 w utrzymaniu i zabudowie wydm, utrzymuj\u0105 \u015bcie\u017cki i przej\u015bcia w czysto\u015bci oraz reguluj\u0105 znoszenie. Opr\u00f3cz dostarczenia niezb\u0119dnych materia\u0142\u00f3w zajmujemy si\u0119 r\u00f3wnie\u017c monta\u017cem ekran\u00f3w dryfowych. Oznacza to, \u017ce wykorzystujemy nasz\u0105 wiedz\u0119, wnikliwo\u015b\u0107 i do\u015bwiadczenie, aby umie\u015bci\u0107 trzciny lub drewno w strategicznych miejscach piasku. R\u0119czne i maszynowe; zawsze dostosowane do Twoich \u017cycze\u0144 i lokalnych warunk\u00f3w.<\/p><p>Przesiewacze dryfuj\u0105ce s\u0142u\u017c\u0105 do zbierania piasku nawiewanego do wysoko\u015bci oko\u0142o jednego metra. W ten spos\u00f3b pomagaj\u0105 w utrzymaniu i powi\u0119kszaniu wydm, utrzymuj\u0105 \u015bcie\u017cki i przej\u015bcia w czysto\u015bci oraz reguluj\u0105 znoszenie.<\/p>\t\t\t\t\t\t\t\t<\/div>\n\t\t\t\t<\/div>\n\t\t\t\t\t<\/div>\n\t\t\t\t<\/div>\n\t\t<div class=\"elementor-element elementor-element-fd81d02 e-flex e-con-boxed e-con e-parent\" data-id=\"fd81d02\" data-element_type=\"container\" data-e-type=\"container\" data-settings=\"{&quot;background_background&quot;:&quot;classic&quot;}\">\n\t\t\t\t\t<div class=\"e-con-inner\">\n\t\t\t\t<div class=\"elementor-element elementor-element-91795d9 elementor-arrows-position-inside elementor-pagination-position-outside elementor-widget elementor-widget-image-carousel\" data-id=\"91795d9\" data-element_type=\"widget\" data-e-type=\"widget\" data-settings=\"{&quot;lazyload&quot;:&quot;yes&quot;,&quot;autoplay_speed&quot;:3000,&quot;navigation&quot;:&quot;both&quot;,&quot;autoplay&quot;:&quot;yes&quot;,&quot;pause_on_hover&quot;:&quot;yes&quot;,&quot;pause_on_interaction&quot;:&quot;yes&quot;,&quot;infinite&quot;:&quot;yes&quot;,&quot;speed&quot;:500}\" data-widget_type=\"image-carousel.default\">\n\t\t\t\t<div class=\"elementor-widget-container\">\n\t\t\t\t\t\t\t<div class=\"elementor-image-carousel-wrapper swiper\" role=\"region\" aria-roledescription=\"carousel\" aria-label=\"Bild Karussell\" dir=\"ltr\">\n\t\t\t<div class=\"elementor-image-carousel swiper-wrapper\" aria-live=\"off\">\n\t\t\t\t\t\t\t\t<div class=\"swiper-slide\" role=\"group\" aria-roledescription=\"slide\" aria-label=\"1 von 4\"><a data-elementor-open-lightbox=\"yes\" data-elementor-lightbox-slideshow=\"91795d9\" data-elementor-lightbox-title=\"stuifschermen01\" data-e-action-hash=\"#elementor-action%3Aaction%3Dlightbox%26settings%3DeyJpZCI6NTgzLCJ1cmwiOiJodHRwczpcL1wvdmFuc2NoYWlrc2FsaXgubmxcL3dwLWNvbnRlbnRcL3VwbG9hZHNcLzIwMjRcLzA1XC9zdHVpZnNjaGVybWVuMDEuanBnIiwic2xpZGVzaG93IjoiOTE3OTVkOSJ9\" href=\"https:\/\/vanschaiksalix.nl\/wp-content\/uploads\/2024\/05\/stuifschermen01.jpg\"><figure class=\"swiper-slide-inner\"><img class=\"swiper-slide-image swiper-lazy\" data-src=\"https:\/\/vanschaiksalix.nl\/wp-content\/uploads\/2024\/05\/stuifschermen01.jpg\" alt=\"stuifschermen01\" \/><div class=\"swiper-lazy-preloader\"><\/div><\/figure><\/a><\/div><div class=\"swiper-slide\" role=\"group\" aria-roledescription=\"slide\" aria-label=\"2 von 4\"><a data-elementor-open-lightbox=\"yes\" data-elementor-lightbox-slideshow=\"91795d9\" data-elementor-lightbox-title=\"stuifschermen02\" data-e-action-hash=\"#elementor-action%3Aaction%3Dlightbox%26settings%3DeyJpZCI6NTg0LCJ1cmwiOiJodHRwczpcL1wvdmFuc2NoYWlrc2FsaXgubmxcL3dwLWNvbnRlbnRcL3VwbG9hZHNcLzIwMjRcLzA1XC9zdHVpZnNjaGVybWVuMDIuanBnIiwic2xpZGVzaG93IjoiOTE3OTVkOSJ9\" href=\"https:\/\/vanschaiksalix.nl\/wp-content\/uploads\/2024\/05\/stuifschermen02.jpg\"><figure class=\"swiper-slide-inner\"><img class=\"swiper-slide-image swiper-lazy\" data-src=\"https:\/\/vanschaiksalix.nl\/wp-content\/uploads\/2024\/05\/stuifschermen02.jpg\" alt=\"stuifschermen02\" \/><div class=\"swiper-lazy-preloader\"><\/div><\/figure><\/a><\/div><div class=\"swiper-slide\" role=\"group\" aria-roledescription=\"slide\" aria-label=\"3 von 4\"><a data-elementor-open-lightbox=\"yes\" data-elementor-lightbox-slideshow=\"91795d9\" data-elementor-lightbox-title=\"stuifschermen03\" data-e-action-hash=\"#elementor-action%3Aaction%3Dlightbox%26settings%3DeyJpZCI6NTg1LCJ1cmwiOiJodHRwczpcL1wvdmFuc2NoYWlrc2FsaXgubmxcL3dwLWNvbnRlbnRcL3VwbG9hZHNcLzIwMjRcLzA1XC9zdHVpZnNjaGVybWVuMDMuanBnIiwic2xpZGVzaG93IjoiOTE3OTVkOSJ9\" href=\"https:\/\/vanschaiksalix.nl\/wp-content\/uploads\/2024\/05\/stuifschermen03.jpg\"><figure class=\"swiper-slide-inner\"><img class=\"swiper-slide-image swiper-lazy\" data-src=\"https:\/\/vanschaiksalix.nl\/wp-content\/uploads\/2024\/05\/stuifschermen03.jpg\" alt=\"stuifschermen03\" \/><div class=\"swiper-lazy-preloader\"><\/div><\/figure><\/a><\/div><div class=\"swiper-slide\" role=\"group\" aria-roledescription=\"slide\" aria-label=\"4 von 4\"><a data-elementor-open-lightbox=\"yes\" data-elementor-lightbox-slideshow=\"91795d9\" data-elementor-lightbox-title=\"stuifschermen04\" data-e-action-hash=\"#elementor-action%3Aaction%3Dlightbox%26settings%3DeyJpZCI6NTg2LCJ1cmwiOiJodHRwczpcL1wvdmFuc2NoYWlrc2FsaXgubmxcL3dwLWNvbnRlbnRcL3VwbG9hZHNcLzIwMjRcLzA1XC9zdHVpZnNjaGVybWVuMDQtMS5qcGciLCJzbGlkZXNob3ciOiI5MTc5NWQ5In0%3D\" href=\"https:\/\/vanschaiksalix.nl\/wp-content\/uploads\/2024\/05\/stuifschermen04-1.jpg\"><figure class=\"swiper-slide-inner\"><img class=\"swiper-slide-image swiper-lazy\" data-src=\"https:\/\/vanschaiksalix.nl\/wp-content\/uploads\/2024\/05\/stuifschermen04-1.jpg\" alt=\"stuifschermen04\" \/><div class=\"swiper-lazy-preloader\"><\/div><\/figure><\/a><\/div>\t\t\t<\/div>\n\t\t\t\t\t\t\t\t\t\t\t\t<div class=\"elementor-swiper-button elementor-swiper-button-prev\" role=\"button\" tabindex=\"0\">\n\t\t\t\t\t\t<svg aria-hidden=\"true\" class=\"e-font-icon-svg e-eicon-chevron-left\" viewbox=\"0 0 1000 1000\" xmlns=\"http:\/\/www.w3.org\/2000\/svg\"><path d=\"M646 125C629 125 613 133 604 142L308 442C296 454 292 471 292 487 292 504 296 521 308 533L604 854C617 867 629 875 646 875 663 875 679 871 692 858 704 846 713 829 713 812 713 796 708 779 692 767L438 487 692 225C700 217 708 204 708 187 708 171 704 154 692 142 675 129 663 125 646 125Z\"><\/path><\/svg>\t\t\t\t\t<\/div>\n\t\t\t\t\t<div class=\"elementor-swiper-button elementor-swiper-button-next\" role=\"button\" tabindex=\"0\">\n\t\t\t\t\t\t<svg aria-hidden=\"true\" class=\"e-font-icon-svg e-eicon-chevron-right\" viewbox=\"0 0 1000 1000\" xmlns=\"http:\/\/www.w3.org\/2000\/svg\"><path d=\"M696 533C708 521 713 504 713 487 713 471 708 454 696 446L400 146C388 133 375 125 354 125 338 125 325 129 313 142 300 154 292 171 292 187 292 204 296 221 308 233L563 492 304 771C292 783 288 800 288 817 288 833 296 850 308 863 321 871 338 875 354 875 371 875 388 867 400 854L696 533Z\"><\/path><\/svg>\t\t\t\t\t<\/div>\n\t\t\t\t\n\t\t\t\t\t\t\t\t\t<div class=\"swiper-pagination\"><\/div>\n\t\t\t\t\t\t\t\t\t<\/div>\n\t\t\t\t\t\t<\/div>\n\t\t\t\t<\/div>\n\t\t\t\t\t<\/div>\n\t\t\t\t<\/div>\n\t\t<div class=\"elementor-element elementor-element-046d312 e-flex e-con-boxed e-con e-parent\" data-id=\"046d312\" data-element_type=\"container\" data-e-type=\"container\">\n\t\t\t\t\t<div class=\"e-con-inner\">\n\t\t\t\t<div class=\"elementor-element elementor-element-0e8061c elementor-widget elementor-widget-spacer\" data-id=\"0e8061c\" data-element_type=\"widget\" data-e-type=\"widget\" data-widget_type=\"spacer.default\">\n\t\t\t\t<div class=\"elementor-widget-container\">\n\t\t\t\t\t\t\t<div class=\"elementor-spacer\">\n\t\t\t<div class=\"elementor-spacer-inner\"><\/div>\n\t\t<\/div>\n\t\t\t\t\t\t<\/div>\n\t\t\t\t<\/div>\n\t\t\t\t\t<\/div>\n\t\t\t\t<\/div>\n\t\t\t\t<\/div>","protected":false},"excerpt":{"rendered":"<p>Stuifschermen Voor de aangroei van duinen, het vrijhouden van paden en het reguleren van verstuiving worden stuifschermen toegepast. Ons bedrijf heeft jarenlange ervaring in het leveren en plaatsen van zowel rieten als rijshouten stuifschermen. Specialistisch werk, dat u met een gerust hart aan ons kunt overlaten. Stuifschermen worden voor meerdere doeleinden gebruikt. Door rondwaaiend zand [&hellip;]<\/p>\n","protected":false},"author":1,"featured_media":0,"parent":389,"menu_order":0,"comment_status":"closed","ping_status":"closed","template":"","meta":{"footnotes":""},"class_list":["post-501","page","type-page","status-publish","hentry"],"yoast_head":"<!-- This site is optimized with the Yoast SEO plugin v27.4 - https:\/\/yoast.com\/product\/yoast-seo-wordpress\/ -->\n<title>Stuifschermen - Van Schaik Salix<\/title>\n<meta name=\"robots\" content=\"index, follow, max-snippet:-1, max-image-preview:large, max-video-preview:-1\" \/>\n<link rel=\"canonical\" href=\"https:\/\/vanschaiksalix.nl\/pl\/overzicht-producten-van-schaik-salix\/producten-stuifschermen\/\" \/>\n<meta property=\"og:locale\" content=\"pl_PL\" \/>\n<meta property=\"og:type\" content=\"article\" \/>\n<meta property=\"og:title\" content=\"Stuifschermen - Van Schaik Salix\" \/>\n<meta property=\"og:description\" content=\"Stuifschermen Voor de aangroei van duinen, het vrijhouden van paden en het reguleren van verstuiving worden stuifschermen toegepast. Ons bedrijf heeft jarenlange ervaring in het leveren en plaatsen van zowel rieten als rijshouten stuifschermen. Specialistisch werk, dat u met een gerust hart aan ons kunt overlaten. Stuifschermen worden voor meerdere doeleinden gebruikt. Door rondwaaiend zand [&hellip;]\" \/>\n<meta property=\"og:url\" content=\"https:\/\/vanschaiksalix.nl\/pl\/overzicht-producten-van-schaik-salix\/producten-stuifschermen\/\" \/>\n<meta property=\"og:site_name\" content=\"Van Schaik Salix\" \/>\n<meta property=\"article:publisher\" content=\"https:\/\/www.facebook.com\/vanschaikingen\" \/>\n<meta property=\"article:modified_time\" content=\"2024-05-10T08:56:11+00:00\" \/>\n<meta property=\"og:image\" content=\"https:\/\/vanschaiksalix.nl\/wp-content\/uploads\/2024\/05\/stuifschermen01.jpg\" \/>\n<meta name=\"twitter:card\" content=\"summary_large_image\" \/>\n<meta name=\"twitter:label1\" content=\"Szacowany czas czytania\" \/>\n\t<meta name=\"twitter:data1\" content=\"3 minuty\" \/>\n<script type=\"application\/ld+json\" class=\"yoast-schema-graph\">{\"@context\":\"https:\\\/\\\/schema.org\",\"@graph\":[{\"@type\":\"WebPage\",\"@id\":\"https:\\\/\\\/vanschaiksalix.nl\\\/overzicht-producten-van-schaik-salix\\\/producten-stuifschermen\\\/\",\"url\":\"https:\\\/\\\/vanschaiksalix.nl\\\/overzicht-producten-van-schaik-salix\\\/producten-stuifschermen\\\/\",\"name\":\"Stuifschermen - Van Schaik Salix\",\"isPartOf\":{\"@id\":\"https:\\\/\\\/vanschaiksalix.nl\\\/#website\"},\"primaryImageOfPage\":{\"@id\":\"https:\\\/\\\/vanschaiksalix.nl\\\/overzicht-producten-van-schaik-salix\\\/producten-stuifschermen\\\/#primaryimage\"},\"image\":{\"@id\":\"https:\\\/\\\/vanschaiksalix.nl\\\/overzicht-producten-van-schaik-salix\\\/producten-stuifschermen\\\/#primaryimage\"},\"thumbnailUrl\":\"https:\\\/\\\/vanschaiksalix.nl\\\/wp-content\\\/uploads\\\/2024\\\/05\\\/stuifschermen01.jpg\",\"datePublished\":\"2024-05-03T13:12:32+00:00\",\"dateModified\":\"2024-05-10T08:56:11+00:00\",\"breadcrumb\":{\"@id\":\"https:\\\/\\\/vanschaiksalix.nl\\\/overzicht-producten-van-schaik-salix\\\/producten-stuifschermen\\\/#breadcrumb\"},\"inLanguage\":\"pl-PL\",\"potentialAction\":[{\"@type\":\"ReadAction\",\"target\":[\"https:\\\/\\\/vanschaiksalix.nl\\\/overzicht-producten-van-schaik-salix\\\/producten-stuifschermen\\\/\"]}]},{\"@type\":\"ImageObject\",\"inLanguage\":\"pl-PL\",\"@id\":\"https:\\\/\\\/vanschaiksalix.nl\\\/overzicht-producten-van-schaik-salix\\\/producten-stuifschermen\\\/#primaryimage\",\"url\":\"https:\\\/\\\/vanschaiksalix.nl\\\/wp-content\\\/uploads\\\/2024\\\/05\\\/stuifschermen01.jpg\",\"contentUrl\":\"https:\\\/\\\/vanschaiksalix.nl\\\/wp-content\\\/uploads\\\/2024\\\/05\\\/stuifschermen01.jpg\"},{\"@type\":\"BreadcrumbList\",\"@id\":\"https:\\\/\\\/vanschaiksalix.nl\\\/overzicht-producten-van-schaik-salix\\\/producten-stuifschermen\\\/#breadcrumb\",\"itemListElement\":[{\"@type\":\"ListItem\",\"position\":1,\"name\":\"Home\",\"item\":\"https:\\\/\\\/vanschaiksalix.nl\\\/\"},{\"@type\":\"ListItem\",\"position\":2,\"name\":\"Overzicht producten\",\"item\":\"https:\\\/\\\/vanschaiksalix.nl\\\/overzicht-producten-van-schaik-salix\\\/\"},{\"@type\":\"ListItem\",\"position\":3,\"name\":\"Stuifschermen\"}]},{\"@type\":\"WebSite\",\"@id\":\"https:\\\/\\\/vanschaiksalix.nl\\\/#website\",\"url\":\"https:\\\/\\\/vanschaiksalix.nl\\\/\",\"name\":\"Handelsonderneming Van Schaik BV\",\"description\":\"\",\"publisher\":{\"@id\":\"https:\\\/\\\/vanschaiksalix.nl\\\/#organization\"},\"potentialAction\":[{\"@type\":\"SearchAction\",\"target\":{\"@type\":\"EntryPoint\",\"urlTemplate\":\"https:\\\/\\\/vanschaiksalix.nl\\\/?s={search_term_string}\"},\"query-input\":{\"@type\":\"PropertyValueSpecification\",\"valueRequired\":true,\"valueName\":\"search_term_string\"}}],\"inLanguage\":\"pl-PL\"},{\"@type\":\"Organization\",\"@id\":\"https:\\\/\\\/vanschaiksalix.nl\\\/#organization\",\"name\":\"Handelsonderneming Van Schaik BV\",\"url\":\"https:\\\/\\\/vanschaiksalix.nl\\\/\",\"logo\":{\"@type\":\"ImageObject\",\"inLanguage\":\"pl-PL\",\"@id\":\"https:\\\/\\\/vanschaiksalix.nl\\\/#\\\/schema\\\/logo\\\/image\\\/\",\"url\":\"https:\\\/\\\/vanschaiksalix.nl\\\/wp-content\\\/uploads\\\/2024\\\/03\\\/logo_van-schaik-salix-h135.png\",\"contentUrl\":\"https:\\\/\\\/vanschaiksalix.nl\\\/wp-content\\\/uploads\\\/2024\\\/03\\\/logo_van-schaik-salix-h135.png\",\"width\":134,\"height\":135,\"caption\":\"Handelsonderneming Van Schaik BV\"},\"image\":{\"@id\":\"https:\\\/\\\/vanschaiksalix.nl\\\/#\\\/schema\\\/logo\\\/image\\\/\"},\"sameAs\":[\"https:\\\/\\\/www.facebook.com\\\/vanschaikingen\"]}]}<\/script>\n<!-- \/ Yoast SEO plugin. -->","yoast_head_json":{"title":"Stuifschermen - Van Schaik Salix","robots":{"index":"index","follow":"follow","max-snippet":"max-snippet:-1","max-image-preview":"max-image-preview:large","max-video-preview":"max-video-preview:-1"},"canonical":"https:\/\/vanschaiksalix.nl\/pl\/overzicht-producten-van-schaik-salix\/producten-stuifschermen\/","og_locale":"pl_PL","og_type":"article","og_title":"Stuifschermen - Van Schaik Salix","og_description":"Stuifschermen Voor de aangroei van duinen, het vrijhouden van paden en het reguleren van verstuiving worden stuifschermen toegepast. Ons bedrijf heeft jarenlange ervaring in het leveren en plaatsen van zowel rieten als rijshouten stuifschermen. Specialistisch werk, dat u met een gerust hart aan ons kunt overlaten. Stuifschermen worden voor meerdere doeleinden gebruikt. Door rondwaaiend zand [&hellip;]","og_url":"https:\/\/vanschaiksalix.nl\/pl\/overzicht-producten-van-schaik-salix\/producten-stuifschermen\/","og_site_name":"Van Schaik Salix","article_publisher":"https:\/\/www.facebook.com\/vanschaikingen","article_modified_time":"2024-05-10T08:56:11+00:00","og_image":[{"url":"https:\/\/vanschaiksalix.nl\/wp-content\/uploads\/2024\/05\/stuifschermen01.jpg","type":"","width":"","height":""}],"twitter_card":"summary_large_image","twitter_misc":{"Szacowany czas czytania":"3 minuty"},"schema":{"@context":"https:\/\/schema.org","@graph":[{"@type":"WebPage","@id":"https:\/\/vanschaiksalix.nl\/overzicht-producten-van-schaik-salix\/producten-stuifschermen\/","url":"https:\/\/vanschaiksalix.nl\/overzicht-producten-van-schaik-salix\/producten-stuifschermen\/","name":"Stuifschermen - Van Schaik Salix","isPartOf":{"@id":"https:\/\/vanschaiksalix.nl\/#website"},"primaryImageOfPage":{"@id":"https:\/\/vanschaiksalix.nl\/overzicht-producten-van-schaik-salix\/producten-stuifschermen\/#primaryimage"},"image":{"@id":"https:\/\/vanschaiksalix.nl\/overzicht-producten-van-schaik-salix\/producten-stuifschermen\/#primaryimage"},"thumbnailUrl":"https:\/\/vanschaiksalix.nl\/wp-content\/uploads\/2024\/05\/stuifschermen01.jpg","datePublished":"2024-05-03T13:12:32+00:00","dateModified":"2024-05-10T08:56:11+00:00","breadcrumb":{"@id":"https:\/\/vanschaiksalix.nl\/overzicht-producten-van-schaik-salix\/producten-stuifschermen\/#breadcrumb"},"inLanguage":"pl-PL","potentialAction":[{"@type":"ReadAction","target":["https:\/\/vanschaiksalix.nl\/overzicht-producten-van-schaik-salix\/producten-stuifschermen\/"]}]},{"@type":"ImageObject","inLanguage":"pl-PL","@id":"https:\/\/vanschaiksalix.nl\/overzicht-producten-van-schaik-salix\/producten-stuifschermen\/#primaryimage","url":"https:\/\/vanschaiksalix.nl\/wp-content\/uploads\/2024\/05\/stuifschermen01.jpg","contentUrl":"https:\/\/vanschaiksalix.nl\/wp-content\/uploads\/2024\/05\/stuifschermen01.jpg"},{"@type":"BreadcrumbList","@id":"https:\/\/vanschaiksalix.nl\/overzicht-producten-van-schaik-salix\/producten-stuifschermen\/#breadcrumb","itemListElement":[{"@type":"ListItem","position":1,"name":"Home","item":"https:\/\/vanschaiksalix.nl\/"},{"@type":"ListItem","position":2,"name":"Overzicht producten","item":"https:\/\/vanschaiksalix.nl\/overzicht-producten-van-schaik-salix\/"},{"@type":"ListItem","position":3,"name":"Stuifschermen"}]},{"@type":"WebSite","@id":"https:\/\/vanschaiksalix.nl\/#website","url":"https:\/\/vanschaiksalix.nl\/","name":"Handelsonderneming Van Schaik BV","description":"","publisher":{"@id":"https:\/\/vanschaiksalix.nl\/#organization"},"potentialAction":[{"@type":"SearchAction","target":{"@type":"EntryPoint","urlTemplate":"https:\/\/vanschaiksalix.nl\/?s={search_term_string}"},"query-input":{"@type":"PropertyValueSpecification","valueRequired":true,"valueName":"search_term_string"}}],"inLanguage":"pl-PL"},{"@type":"Organization","@id":"https:\/\/vanschaiksalix.nl\/#organization","name":"Handelsonderneming Van Schaik BV","url":"https:\/\/vanschaiksalix.nl\/","logo":{"@type":"ImageObject","inLanguage":"pl-PL","@id":"https:\/\/vanschaiksalix.nl\/#\/schema\/logo\/image\/","url":"https:\/\/vanschaiksalix.nl\/wp-content\/uploads\/2024\/03\/logo_van-schaik-salix-h135.png","contentUrl":"https:\/\/vanschaiksalix.nl\/wp-content\/uploads\/2024\/03\/logo_van-schaik-salix-h135.png","width":134,"height":135,"caption":"Handelsonderneming Van Schaik BV"},"image":{"@id":"https:\/\/vanschaiksalix.nl\/#\/schema\/logo\/image\/"},"sameAs":["https:\/\/www.facebook.com\/vanschaikingen"]}]}},"_links":{"self":[{"href":"https:\/\/vanschaiksalix.nl\/pl\/wp-json\/wp\/v2\/pages\/501","targetHints":{"allow":["GET"]}}],"collection":[{"href":"https:\/\/vanschaiksalix.nl\/pl\/wp-json\/wp\/v2\/pages"}],"about":[{"href":"https:\/\/vanschaiksalix.nl\/pl\/wp-json\/wp\/v2\/types\/page"}],"author":[{"embeddable":true,"href":"https:\/\/vanschaiksalix.nl\/pl\/wp-json\/wp\/v2\/users\/1"}],"replies":[{"embeddable":true,"href":"https:\/\/vanschaiksalix.nl\/pl\/wp-json\/wp\/v2\/comments?post=501"}],"version-history":[{"count":8,"href":"https:\/\/vanschaiksalix.nl\/pl\/wp-json\/wp\/v2\/pages\/501\/revisions"}],"predecessor-version":[{"id":809,"href":"https:\/\/vanschaiksalix.nl\/pl\/wp-json\/wp\/v2\/pages\/501\/revisions\/809"}],"up":[{"embeddable":true,"href":"https:\/\/vanschaiksalix.nl\/pl\/wp-json\/wp\/v2\/pages\/389"}],"wp:attachment":[{"href":"https:\/\/vanschaiksalix.nl\/pl\/wp-json\/wp\/v2\/media?parent=501"}],"curies":[{"name":"wp","href":"https:\/\/api.w.org\/{rel}","templated":true}]}}