{"id":509,"date":"2024-05-03T13:19:08","date_gmt":"2024-05-03T13:19:08","guid":{"rendered":"https:\/\/vanschaiksalix.nl\/?page_id=509"},"modified":"2024-05-10T08:55:52","modified_gmt":"2024-05-10T08:55:52","slug":"producten-diensten","status":"publish","type":"page","link":"https:\/\/vanschaiksalix.nl\/pl\/overzicht-producten-van-schaik-salix\/producten-diensten\/","title":{"rendered":"Us\u0142ugi"},"content":{"rendered":"<div data-elementor-type=\"wp-page\" data-elementor-id=\"509\" class=\"elementor elementor-509\" data-elementor-post-type=\"page\">\n\t\t\t\t<div class=\"elementor-element elementor-element-e87aa83 e-flex e-con-boxed e-con e-parent\" data-id=\"e87aa83\" data-element_type=\"container\" data-e-type=\"container\">\n\t\t\t\t\t<div class=\"e-con-inner\">\n\t\t\t\t<div class=\"elementor-element elementor-element-3808a33 elementor-widget elementor-widget-spacer\" data-id=\"3808a33\" data-element_type=\"widget\" data-e-type=\"widget\" data-widget_type=\"spacer.default\">\n\t\t\t\t<div class=\"elementor-widget-container\">\n\t\t\t\t\t\t\t<div class=\"elementor-spacer\">\n\t\t\t<div class=\"elementor-spacer-inner\"><\/div>\n\t\t<\/div>\n\t\t\t\t\t\t<\/div>\n\t\t\t\t<\/div>\n\t\t\t\t<div class=\"elementor-element elementor-element-e2d4b7d elementor-align-center elementor-widget elementor-widget-breadcrumbs\" data-id=\"e2d4b7d\" data-element_type=\"widget\" data-e-type=\"widget\" data-widget_type=\"breadcrumbs.default\">\n\t\t\t\t<div class=\"elementor-widget-container\">\n\t\t\t\t\t<p id=\"breadcrumbs\"><span><span><a href=\"https:\/\/vanschaiksalix.nl\/pl\/\">Home<\/a><\/span><\/span><\/p>\t\t\t\t<\/div>\n\t\t\t\t<\/div>\n\t\t\t\t\t<\/div>\n\t\t\t\t<\/div>\n\t\t<div class=\"elementor-element elementor-element-055fbe5 e-flex e-con-boxed e-con e-parent\" data-id=\"055fbe5\" data-element_type=\"container\" data-e-type=\"container\">\n\t\t\t\t\t<div class=\"e-con-inner\">\n\t\t\t\t<div class=\"elementor-element elementor-element-01e4c40 elementor-widget elementor-widget-text-editor\" data-id=\"01e4c40\" data-element_type=\"widget\" data-e-type=\"widget\" data-widget_type=\"text-editor.default\">\n\t\t\t\t<div class=\"elementor-widget-container\">\n\t\t\t\t\t\t\t\t\t<h1>Us\u0142ugi<\/h1><p>Opr\u00f3cz wy\u017cej wymienionych produkt\u00f3w \u015bwiadczymy r\u00f3wnie\u017c us\u0142ugi specyficzne. W ten spos\u00f3b mo\u017cesz zaanga\u017cowa\u0107 naszych certyfikowanych pracownik\u00f3w VCA i skorzysta\u0107 z naszego specjalistycznego sprz\u0119tu.<\/p><p class=\"translation-block\">Przy wielu czynno\u015bciach niezb\u0119dny jest specjalistyczny sprz\u0119t i wykwalifikowana kadra. Dlatego udost\u0119pniamy nasze know-how i zaplecze. Rozwa\u017cmy na przyk\u0142ad pomoc lub sprz\u0119t do pracy na obszarach le\u015bnych (szczeg\u00f3lnie na obszarach \u0142ozinowych) oraz wytwarzanie \u2013 na miejscu lub poza nim \u2013 geow\u0142\u00f3knin. Dysponujemy r\u00f3wnie\u017c pontonami, \u0142odzi\u0105 z d\u017awigiem do drobnych prac wodnych oraz r\u00f3\u017cnymi \u015brodkami transportu.<br>W celu om\u00f3wienia mo\u017cliwo\u015bci prosimy o kontakt.<\/p>\t\t\t\t\t\t\t\t<\/div>\n\t\t\t\t<\/div>\n\t\t\t\t\t<\/div>\n\t\t\t\t<\/div>\n\t\t<div class=\"elementor-element elementor-element-fd81d02 e-flex e-con-boxed e-con e-parent\" data-id=\"fd81d02\" data-element_type=\"container\" data-e-type=\"container\" data-settings=\"{&quot;background_background&quot;:&quot;classic&quot;}\">\n\t\t\t\t\t<div class=\"e-con-inner\">\n\t\t\t\t<div class=\"elementor-element elementor-element-c42a2f1 elementor-arrows-position-inside elementor-pagination-position-outside elementor-widget elementor-widget-image-carousel\" data-id=\"c42a2f1\" data-element_type=\"widget\" data-e-type=\"widget\" data-settings=\"{&quot;lazyload&quot;:&quot;yes&quot;,&quot;autoplay_speed&quot;:3000,&quot;navigation&quot;:&quot;both&quot;,&quot;autoplay&quot;:&quot;yes&quot;,&quot;pause_on_hover&quot;:&quot;yes&quot;,&quot;pause_on_interaction&quot;:&quot;yes&quot;,&quot;infinite&quot;:&quot;yes&quot;,&quot;speed&quot;:500}\" data-widget_type=\"image-carousel.default\">\n\t\t\t\t<div class=\"elementor-widget-container\">\n\t\t\t\t\t\t\t<div class=\"elementor-image-carousel-wrapper swiper\" role=\"region\" aria-roledescription=\"carousel\" aria-label=\"Bild Karussell\" dir=\"ltr\">\n\t\t\t<div class=\"elementor-image-carousel swiper-wrapper\" aria-live=\"off\">\n\t\t\t\t\t\t\t\t<div class=\"swiper-slide\" role=\"group\" aria-roledescription=\"slide\" aria-label=\"1 von 9\"><a data-elementor-open-lightbox=\"yes\" data-elementor-lightbox-slideshow=\"c42a2f1\" data-elementor-lightbox-title=\"diensten01\" data-e-action-hash=\"#elementor-action%3Aaction%3Dlightbox%26settings%3DeyJpZCI6NjgzLCJ1cmwiOiJodHRwczpcL1wvdmFuc2NoYWlrc2FsaXgubmxcL3dwLWNvbnRlbnRcL3VwbG9hZHNcLzIwMjRcLzA1XC9kaWVuc3RlbjAxLTEuanBnIiwic2xpZGVzaG93IjoiYzQyYTJmMSJ9\" href=\"https:\/\/vanschaiksalix.nl\/wp-content\/uploads\/2024\/05\/diensten01-1.jpg\"><figure class=\"swiper-slide-inner\"><img class=\"swiper-slide-image swiper-lazy\" data-src=\"https:\/\/vanschaiksalix.nl\/wp-content\/uploads\/2024\/05\/diensten01-1.jpg\" alt=\"diensten01\" \/><div class=\"swiper-lazy-preloader\"><\/div><\/figure><\/a><\/div><div class=\"swiper-slide\" role=\"group\" aria-roledescription=\"slide\" aria-label=\"2 von 9\"><a data-elementor-open-lightbox=\"yes\" data-elementor-lightbox-slideshow=\"c42a2f1\" data-elementor-lightbox-title=\"diensten-01\" data-e-action-hash=\"#elementor-action%3Aaction%3Dlightbox%26settings%3DeyJpZCI6Njc4LCJ1cmwiOiJodHRwczpcL1wvdmFuc2NoYWlrc2FsaXgubmxcL3dwLWNvbnRlbnRcL3VwbG9hZHNcLzIwMjRcLzA1XC9kaWVuc3Rlbi0wMS5qcGciLCJzbGlkZXNob3ciOiJjNDJhMmYxIn0%3D\" href=\"https:\/\/vanschaiksalix.nl\/wp-content\/uploads\/2024\/05\/diensten-01.jpg\"><figure class=\"swiper-slide-inner\"><img class=\"swiper-slide-image swiper-lazy\" data-src=\"https:\/\/vanschaiksalix.nl\/wp-content\/uploads\/2024\/05\/diensten-01.jpg\" alt=\"diensten-01\" \/><div class=\"swiper-lazy-preloader\"><\/div><\/figure><\/a><\/div><div class=\"swiper-slide\" role=\"group\" aria-roledescription=\"slide\" aria-label=\"3 von 9\"><a data-elementor-open-lightbox=\"yes\" data-elementor-lightbox-slideshow=\"c42a2f1\" data-elementor-lightbox-title=\"diensten-02\" data-e-action-hash=\"#elementor-action%3Aaction%3Dlightbox%26settings%3DeyJpZCI6Njc5LCJ1cmwiOiJodHRwczpcL1wvdmFuc2NoYWlrc2FsaXgubmxcL3dwLWNvbnRlbnRcL3VwbG9hZHNcLzIwMjRcLzA1XC9kaWVuc3Rlbi0wMi5qcGciLCJzbGlkZXNob3ciOiJjNDJhMmYxIn0%3D\" href=\"https:\/\/vanschaiksalix.nl\/wp-content\/uploads\/2024\/05\/diensten-02.jpg\"><figure class=\"swiper-slide-inner\"><img class=\"swiper-slide-image swiper-lazy\" data-src=\"https:\/\/vanschaiksalix.nl\/wp-content\/uploads\/2024\/05\/diensten-02.jpg\" alt=\"diensten-02\" \/><div class=\"swiper-lazy-preloader\"><\/div><\/figure><\/a><\/div><div class=\"swiper-slide\" role=\"group\" aria-roledescription=\"slide\" aria-label=\"4 von 9\"><a data-elementor-open-lightbox=\"yes\" data-elementor-lightbox-slideshow=\"c42a2f1\" data-elementor-lightbox-title=\"diensten-03\" data-e-action-hash=\"#elementor-action%3Aaction%3Dlightbox%26settings%3DeyJpZCI6NjgwLCJ1cmwiOiJodHRwczpcL1wvdmFuc2NoYWlrc2FsaXgubmxcL3dwLWNvbnRlbnRcL3VwbG9hZHNcLzIwMjRcLzA1XC9kaWVuc3Rlbi0wMy5qcGciLCJzbGlkZXNob3ciOiJjNDJhMmYxIn0%3D\" href=\"https:\/\/vanschaiksalix.nl\/wp-content\/uploads\/2024\/05\/diensten-03.jpg\"><figure class=\"swiper-slide-inner\"><img class=\"swiper-slide-image swiper-lazy\" data-src=\"https:\/\/vanschaiksalix.nl\/wp-content\/uploads\/2024\/05\/diensten-03.jpg\" alt=\"diensten-03\" \/><div class=\"swiper-lazy-preloader\"><\/div><\/figure><\/a><\/div><div class=\"swiper-slide\" role=\"group\" aria-roledescription=\"slide\" aria-label=\"5 von 9\"><a data-elementor-open-lightbox=\"yes\" data-elementor-lightbox-slideshow=\"c42a2f1\" data-elementor-lightbox-title=\"diensten-04\" data-e-action-hash=\"#elementor-action%3Aaction%3Dlightbox%26settings%3DeyJpZCI6NjgxLCJ1cmwiOiJodHRwczpcL1wvdmFuc2NoYWlrc2FsaXgubmxcL3dwLWNvbnRlbnRcL3VwbG9hZHNcLzIwMjRcLzA1XC9kaWVuc3Rlbi0wNC5qcGciLCJzbGlkZXNob3ciOiJjNDJhMmYxIn0%3D\" href=\"https:\/\/vanschaiksalix.nl\/wp-content\/uploads\/2024\/05\/diensten-04.jpg\"><figure class=\"swiper-slide-inner\"><img class=\"swiper-slide-image swiper-lazy\" data-src=\"https:\/\/vanschaiksalix.nl\/wp-content\/uploads\/2024\/05\/diensten-04.jpg\" alt=\"diensten-04\" \/><div class=\"swiper-lazy-preloader\"><\/div><\/figure><\/a><\/div><div class=\"swiper-slide\" role=\"group\" aria-roledescription=\"slide\" aria-label=\"6 von 9\"><a data-elementor-open-lightbox=\"yes\" data-elementor-lightbox-slideshow=\"c42a2f1\" data-elementor-lightbox-title=\"diensten-05\" data-e-action-hash=\"#elementor-action%3Aaction%3Dlightbox%26settings%3DeyJpZCI6NjgyLCJ1cmwiOiJodHRwczpcL1wvdmFuc2NoYWlrc2FsaXgubmxcL3dwLWNvbnRlbnRcL3VwbG9hZHNcLzIwMjRcLzA1XC9kaWVuc3Rlbi0wNS5qcGciLCJzbGlkZXNob3ciOiJjNDJhMmYxIn0%3D\" href=\"https:\/\/vanschaiksalix.nl\/wp-content\/uploads\/2024\/05\/diensten-05.jpg\"><figure class=\"swiper-slide-inner\"><img class=\"swiper-slide-image swiper-lazy\" data-src=\"https:\/\/vanschaiksalix.nl\/wp-content\/uploads\/2024\/05\/diensten-05.jpg\" alt=\"diensten-05\" \/><div class=\"swiper-lazy-preloader\"><\/div><\/figure><\/a><\/div><div class=\"swiper-slide\" role=\"group\" aria-roledescription=\"slide\" aria-label=\"7 von 9\"><a data-elementor-open-lightbox=\"yes\" data-elementor-lightbox-slideshow=\"c42a2f1\" data-elementor-lightbox-title=\"diensten02\" data-e-action-hash=\"#elementor-action%3Aaction%3Dlightbox%26settings%3DeyJpZCI6Njg0LCJ1cmwiOiJodHRwczpcL1wvdmFuc2NoYWlrc2FsaXgubmxcL3dwLWNvbnRlbnRcL3VwbG9hZHNcLzIwMjRcLzA1XC9kaWVuc3RlbjAyLmpwZyIsInNsaWRlc2hvdyI6ImM0MmEyZjEifQ%3D%3D\" href=\"https:\/\/vanschaiksalix.nl\/wp-content\/uploads\/2024\/05\/diensten02.jpg\"><figure class=\"swiper-slide-inner\"><img class=\"swiper-slide-image swiper-lazy\" data-src=\"https:\/\/vanschaiksalix.nl\/wp-content\/uploads\/2024\/05\/diensten02.jpg\" alt=\"diensten02\" \/><div class=\"swiper-lazy-preloader\"><\/div><\/figure><\/a><\/div><div class=\"swiper-slide\" role=\"group\" aria-roledescription=\"slide\" aria-label=\"8 von 9\"><a data-elementor-open-lightbox=\"yes\" data-elementor-lightbox-slideshow=\"c42a2f1\" data-elementor-lightbox-title=\"diensten03\" data-e-action-hash=\"#elementor-action%3Aaction%3Dlightbox%26settings%3DeyJpZCI6Njg1LCJ1cmwiOiJodHRwczpcL1wvdmFuc2NoYWlrc2FsaXgubmxcL3dwLWNvbnRlbnRcL3VwbG9hZHNcLzIwMjRcLzA1XC9kaWVuc3RlbjAzLmpwZyIsInNsaWRlc2hvdyI6ImM0MmEyZjEifQ%3D%3D\" href=\"https:\/\/vanschaiksalix.nl\/wp-content\/uploads\/2024\/05\/diensten03.jpg\"><figure class=\"swiper-slide-inner\"><img class=\"swiper-slide-image swiper-lazy\" data-src=\"https:\/\/vanschaiksalix.nl\/wp-content\/uploads\/2024\/05\/diensten03.jpg\" alt=\"diensten03\" \/><div class=\"swiper-lazy-preloader\"><\/div><\/figure><\/a><\/div><div class=\"swiper-slide\" role=\"group\" aria-roledescription=\"slide\" aria-label=\"9 von 9\"><a data-elementor-open-lightbox=\"yes\" data-elementor-lightbox-slideshow=\"c42a2f1\" data-elementor-lightbox-title=\"diensten-05\" data-e-action-hash=\"#elementor-action%3Aaction%3Dlightbox%26settings%3DeyJpZCI6Njg2LCJ1cmwiOiJodHRwczpcL1wvdmFuc2NoYWlrc2FsaXgubmxcL3dwLWNvbnRlbnRcL3VwbG9hZHNcLzIwMjRcLzA1XC9kaWVuc3Rlbi0wNS0xLmpwZyIsInNsaWRlc2hvdyI6ImM0MmEyZjEifQ%3D%3D\" href=\"https:\/\/vanschaiksalix.nl\/wp-content\/uploads\/2024\/05\/diensten-05-1.jpg\"><figure class=\"swiper-slide-inner\"><img class=\"swiper-slide-image swiper-lazy\" data-src=\"https:\/\/vanschaiksalix.nl\/wp-content\/uploads\/2024\/05\/diensten-05-1.jpg\" alt=\"diensten-05\" \/><div class=\"swiper-lazy-preloader\"><\/div><\/figure><\/a><\/div>\t\t\t<\/div>\n\t\t\t\t\t\t\t\t\t\t\t\t<div class=\"elementor-swiper-button elementor-swiper-button-prev\" role=\"button\" tabindex=\"0\">\n\t\t\t\t\t\t<svg aria-hidden=\"true\" class=\"e-font-icon-svg e-eicon-chevron-left\" viewbox=\"0 0 1000 1000\" xmlns=\"http:\/\/www.w3.org\/2000\/svg\"><path d=\"M646 125C629 125 613 133 604 142L308 442C296 454 292 471 292 487 292 504 296 521 308 533L604 854C617 867 629 875 646 875 663 875 679 871 692 858 704 846 713 829 713 812 713 796 708 779 692 767L438 487 692 225C700 217 708 204 708 187 708 171 704 154 692 142 675 129 663 125 646 125Z\"><\/path><\/svg>\t\t\t\t\t<\/div>\n\t\t\t\t\t<div class=\"elementor-swiper-button elementor-swiper-button-next\" role=\"button\" tabindex=\"0\">\n\t\t\t\t\t\t<svg aria-hidden=\"true\" class=\"e-font-icon-svg e-eicon-chevron-right\" viewbox=\"0 0 1000 1000\" xmlns=\"http:\/\/www.w3.org\/2000\/svg\"><path d=\"M696 533C708 521 713 504 713 487 713 471 708 454 696 446L400 146C388 133 375 125 354 125 338 125 325 129 313 142 300 154 292 171 292 187 292 204 296 221 308 233L563 492 304 771C292 783 288 800 288 817 288 833 296 850 308 863 321 871 338 875 354 875 371 875 388 867 400 854L696 533Z\"><\/path><\/svg>\t\t\t\t\t<\/div>\n\t\t\t\t\n\t\t\t\t\t\t\t\t\t<div class=\"swiper-pagination\"><\/div>\n\t\t\t\t\t\t\t\t\t<\/div>\n\t\t\t\t\t\t<\/div>\n\t\t\t\t<\/div>\n\t\t\t\t\t<\/div>\n\t\t\t\t<\/div>\n\t\t<div class=\"elementor-element elementor-element-046d312 e-flex e-con-boxed e-con e-parent\" data-id=\"046d312\" data-element_type=\"container\" data-e-type=\"container\">\n\t\t\t\t\t<div class=\"e-con-inner\">\n\t\t\t\t<div class=\"elementor-element elementor-element-0e8061c elementor-widget elementor-widget-spacer\" data-id=\"0e8061c\" data-element_type=\"widget\" data-e-type=\"widget\" data-widget_type=\"spacer.default\">\n\t\t\t\t<div class=\"elementor-widget-container\">\n\t\t\t\t\t\t\t<div class=\"elementor-spacer\">\n\t\t\t<div class=\"elementor-spacer-inner\"><\/div>\n\t\t<\/div>\n\t\t\t\t\t\t<\/div>\n\t\t\t\t<\/div>\n\t\t\t\t\t<\/div>\n\t\t\t\t<\/div>\n\t\t\t\t<\/div>","protected":false},"excerpt":{"rendered":"<p>Diensten Naast de hierboven genoemde producten leveren wij ook specifieke diensten. Zo kunt u onze VCA-gecertificeerde werknemers inschakelen en gebruikmaken van ons specialistisch materieel. Voor een groot aantal werkzaamheden zijn specialistisch materieel en gekwalificeerde mensen onmisbaar. Daarom stellen wij onze know-how en faciliteiten beschikbaar. Denk bijvoorbeeld aan hulp bij \u2013 of materieel voor werkzaamheden in [&hellip;]<\/p>\n","protected":false},"author":1,"featured_media":0,"parent":389,"menu_order":0,"comment_status":"closed","ping_status":"closed","template":"","meta":{"footnotes":""},"class_list":["post-509","page","type-page","status-publish","hentry"],"yoast_head":"<!-- This site is optimized with the Yoast SEO plugin v27.4 - https:\/\/yoast.com\/product\/yoast-seo-wordpress\/ -->\n<title>Diensten - Van Schaik Salix<\/title>\n<meta name=\"robots\" content=\"index, follow, max-snippet:-1, max-image-preview:large, max-video-preview:-1\" \/>\n<link rel=\"canonical\" href=\"https:\/\/vanschaiksalix.nl\/pl\/overzicht-producten-van-schaik-salix\/producten-diensten\/\" \/>\n<meta property=\"og:locale\" content=\"pl_PL\" \/>\n<meta property=\"og:type\" content=\"article\" \/>\n<meta property=\"og:title\" content=\"Diensten - Van Schaik Salix\" \/>\n<meta property=\"og:description\" content=\"Diensten Naast de hierboven genoemde producten leveren wij ook specifieke diensten. Zo kunt u onze VCA-gecertificeerde werknemers inschakelen en gebruikmaken van ons specialistisch materieel. Voor een groot aantal werkzaamheden zijn specialistisch materieel en gekwalificeerde mensen onmisbaar. Daarom stellen wij onze know-how en faciliteiten beschikbaar. Denk bijvoorbeeld aan hulp bij \u2013 of materieel voor werkzaamheden in [&hellip;]\" \/>\n<meta property=\"og:url\" content=\"https:\/\/vanschaiksalix.nl\/pl\/overzicht-producten-van-schaik-salix\/producten-diensten\/\" \/>\n<meta property=\"og:site_name\" content=\"Van Schaik Salix\" \/>\n<meta property=\"article:publisher\" content=\"https:\/\/www.facebook.com\/vanschaikingen\" \/>\n<meta property=\"article:modified_time\" content=\"2024-05-10T08:55:52+00:00\" \/>\n<meta property=\"og:image\" content=\"https:\/\/vanschaiksalix.nl\/wp-content\/uploads\/2024\/05\/diensten01-1.jpg\" \/>\n<meta name=\"twitter:card\" content=\"summary_large_image\" \/>\n<meta name=\"twitter:label1\" content=\"Szacowany czas czytania\" \/>\n\t<meta name=\"twitter:data1\" content=\"4 minuty\" \/>\n<script type=\"application\/ld+json\" class=\"yoast-schema-graph\">{\"@context\":\"https:\\\/\\\/schema.org\",\"@graph\":[{\"@type\":\"WebPage\",\"@id\":\"https:\\\/\\\/vanschaiksalix.nl\\\/overzicht-producten-van-schaik-salix\\\/producten-diensten\\\/\",\"url\":\"https:\\\/\\\/vanschaiksalix.nl\\\/overzicht-producten-van-schaik-salix\\\/producten-diensten\\\/\",\"name\":\"Diensten - Van Schaik Salix\",\"isPartOf\":{\"@id\":\"https:\\\/\\\/vanschaiksalix.nl\\\/#website\"},\"primaryImageOfPage\":{\"@id\":\"https:\\\/\\\/vanschaiksalix.nl\\\/overzicht-producten-van-schaik-salix\\\/producten-diensten\\\/#primaryimage\"},\"image\":{\"@id\":\"https:\\\/\\\/vanschaiksalix.nl\\\/overzicht-producten-van-schaik-salix\\\/producten-diensten\\\/#primaryimage\"},\"thumbnailUrl\":\"https:\\\/\\\/vanschaiksalix.nl\\\/wp-content\\\/uploads\\\/2024\\\/05\\\/diensten01-1.jpg\",\"datePublished\":\"2024-05-03T13:19:08+00:00\",\"dateModified\":\"2024-05-10T08:55:52+00:00\",\"breadcrumb\":{\"@id\":\"https:\\\/\\\/vanschaiksalix.nl\\\/overzicht-producten-van-schaik-salix\\\/producten-diensten\\\/#breadcrumb\"},\"inLanguage\":\"pl-PL\",\"potentialAction\":[{\"@type\":\"ReadAction\",\"target\":[\"https:\\\/\\\/vanschaiksalix.nl\\\/overzicht-producten-van-schaik-salix\\\/producten-diensten\\\/\"]}]},{\"@type\":\"ImageObject\",\"inLanguage\":\"pl-PL\",\"@id\":\"https:\\\/\\\/vanschaiksalix.nl\\\/overzicht-producten-van-schaik-salix\\\/producten-diensten\\\/#primaryimage\",\"url\":\"https:\\\/\\\/vanschaiksalix.nl\\\/wp-content\\\/uploads\\\/2024\\\/05\\\/diensten01-1.jpg\",\"contentUrl\":\"https:\\\/\\\/vanschaiksalix.nl\\\/wp-content\\\/uploads\\\/2024\\\/05\\\/diensten01-1.jpg\"},{\"@type\":\"BreadcrumbList\",\"@id\":\"https:\\\/\\\/vanschaiksalix.nl\\\/overzicht-producten-van-schaik-salix\\\/producten-diensten\\\/#breadcrumb\",\"itemListElement\":[{\"@type\":\"ListItem\",\"position\":1,\"name\":\"Home\",\"item\":\"https:\\\/\\\/vanschaiksalix.nl\\\/\"},{\"@type\":\"ListItem\",\"position\":2,\"name\":\"Overzicht producten\",\"item\":\"https:\\\/\\\/vanschaiksalix.nl\\\/overzicht-producten-van-schaik-salix\\\/\"},{\"@type\":\"ListItem\",\"position\":3,\"name\":\"Diensten\"}]},{\"@type\":\"WebSite\",\"@id\":\"https:\\\/\\\/vanschaiksalix.nl\\\/#website\",\"url\":\"https:\\\/\\\/vanschaiksalix.nl\\\/\",\"name\":\"Handelsonderneming Van Schaik BV\",\"description\":\"\",\"publisher\":{\"@id\":\"https:\\\/\\\/vanschaiksalix.nl\\\/#organization\"},\"potentialAction\":[{\"@type\":\"SearchAction\",\"target\":{\"@type\":\"EntryPoint\",\"urlTemplate\":\"https:\\\/\\\/vanschaiksalix.nl\\\/?s={search_term_string}\"},\"query-input\":{\"@type\":\"PropertyValueSpecification\",\"valueRequired\":true,\"valueName\":\"search_term_string\"}}],\"inLanguage\":\"pl-PL\"},{\"@type\":\"Organization\",\"@id\":\"https:\\\/\\\/vanschaiksalix.nl\\\/#organization\",\"name\":\"Handelsonderneming Van Schaik BV\",\"url\":\"https:\\\/\\\/vanschaiksalix.nl\\\/\",\"logo\":{\"@type\":\"ImageObject\",\"inLanguage\":\"pl-PL\",\"@id\":\"https:\\\/\\\/vanschaiksalix.nl\\\/#\\\/schema\\\/logo\\\/image\\\/\",\"url\":\"https:\\\/\\\/vanschaiksalix.nl\\\/wp-content\\\/uploads\\\/2024\\\/03\\\/logo_van-schaik-salix-h135.png\",\"contentUrl\":\"https:\\\/\\\/vanschaiksalix.nl\\\/wp-content\\\/uploads\\\/2024\\\/03\\\/logo_van-schaik-salix-h135.png\",\"width\":134,\"height\":135,\"caption\":\"Handelsonderneming Van Schaik BV\"},\"image\":{\"@id\":\"https:\\\/\\\/vanschaiksalix.nl\\\/#\\\/schema\\\/logo\\\/image\\\/\"},\"sameAs\":[\"https:\\\/\\\/www.facebook.com\\\/vanschaikingen\"]}]}<\/script>\n<!-- \/ Yoast SEO plugin. -->","yoast_head_json":{"title":"Diensten - Van Schaik Salix","robots":{"index":"index","follow":"follow","max-snippet":"max-snippet:-1","max-image-preview":"max-image-preview:large","max-video-preview":"max-video-preview:-1"},"canonical":"https:\/\/vanschaiksalix.nl\/pl\/overzicht-producten-van-schaik-salix\/producten-diensten\/","og_locale":"pl_PL","og_type":"article","og_title":"Diensten - Van Schaik Salix","og_description":"Diensten Naast de hierboven genoemde producten leveren wij ook specifieke diensten. Zo kunt u onze VCA-gecertificeerde werknemers inschakelen en gebruikmaken van ons specialistisch materieel. Voor een groot aantal werkzaamheden zijn specialistisch materieel en gekwalificeerde mensen onmisbaar. Daarom stellen wij onze know-how en faciliteiten beschikbaar. Denk bijvoorbeeld aan hulp bij \u2013 of materieel voor werkzaamheden in [&hellip;]","og_url":"https:\/\/vanschaiksalix.nl\/pl\/overzicht-producten-van-schaik-salix\/producten-diensten\/","og_site_name":"Van Schaik Salix","article_publisher":"https:\/\/www.facebook.com\/vanschaikingen","article_modified_time":"2024-05-10T08:55:52+00:00","og_image":[{"url":"https:\/\/vanschaiksalix.nl\/wp-content\/uploads\/2024\/05\/diensten01-1.jpg","type":"","width":"","height":""}],"twitter_card":"summary_large_image","twitter_misc":{"Szacowany czas czytania":"4 minuty"},"schema":{"@context":"https:\/\/schema.org","@graph":[{"@type":"WebPage","@id":"https:\/\/vanschaiksalix.nl\/overzicht-producten-van-schaik-salix\/producten-diensten\/","url":"https:\/\/vanschaiksalix.nl\/overzicht-producten-van-schaik-salix\/producten-diensten\/","name":"Diensten - Van Schaik Salix","isPartOf":{"@id":"https:\/\/vanschaiksalix.nl\/#website"},"primaryImageOfPage":{"@id":"https:\/\/vanschaiksalix.nl\/overzicht-producten-van-schaik-salix\/producten-diensten\/#primaryimage"},"image":{"@id":"https:\/\/vanschaiksalix.nl\/overzicht-producten-van-schaik-salix\/producten-diensten\/#primaryimage"},"thumbnailUrl":"https:\/\/vanschaiksalix.nl\/wp-content\/uploads\/2024\/05\/diensten01-1.jpg","datePublished":"2024-05-03T13:19:08+00:00","dateModified":"2024-05-10T08:55:52+00:00","breadcrumb":{"@id":"https:\/\/vanschaiksalix.nl\/overzicht-producten-van-schaik-salix\/producten-diensten\/#breadcrumb"},"inLanguage":"pl-PL","potentialAction":[{"@type":"ReadAction","target":["https:\/\/vanschaiksalix.nl\/overzicht-producten-van-schaik-salix\/producten-diensten\/"]}]},{"@type":"ImageObject","inLanguage":"pl-PL","@id":"https:\/\/vanschaiksalix.nl\/overzicht-producten-van-schaik-salix\/producten-diensten\/#primaryimage","url":"https:\/\/vanschaiksalix.nl\/wp-content\/uploads\/2024\/05\/diensten01-1.jpg","contentUrl":"https:\/\/vanschaiksalix.nl\/wp-content\/uploads\/2024\/05\/diensten01-1.jpg"},{"@type":"BreadcrumbList","@id":"https:\/\/vanschaiksalix.nl\/overzicht-producten-van-schaik-salix\/producten-diensten\/#breadcrumb","itemListElement":[{"@type":"ListItem","position":1,"name":"Home","item":"https:\/\/vanschaiksalix.nl\/"},{"@type":"ListItem","position":2,"name":"Overzicht producten","item":"https:\/\/vanschaiksalix.nl\/overzicht-producten-van-schaik-salix\/"},{"@type":"ListItem","position":3,"name":"Diensten"}]},{"@type":"WebSite","@id":"https:\/\/vanschaiksalix.nl\/#website","url":"https:\/\/vanschaiksalix.nl\/","name":"Handelsonderneming Van Schaik BV","description":"","publisher":{"@id":"https:\/\/vanschaiksalix.nl\/#organization"},"potentialAction":[{"@type":"SearchAction","target":{"@type":"EntryPoint","urlTemplate":"https:\/\/vanschaiksalix.nl\/?s={search_term_string}"},"query-input":{"@type":"PropertyValueSpecification","valueRequired":true,"valueName":"search_term_string"}}],"inLanguage":"pl-PL"},{"@type":"Organization","@id":"https:\/\/vanschaiksalix.nl\/#organization","name":"Handelsonderneming Van Schaik BV","url":"https:\/\/vanschaiksalix.nl\/","logo":{"@type":"ImageObject","inLanguage":"pl-PL","@id":"https:\/\/vanschaiksalix.nl\/#\/schema\/logo\/image\/","url":"https:\/\/vanschaiksalix.nl\/wp-content\/uploads\/2024\/03\/logo_van-schaik-salix-h135.png","contentUrl":"https:\/\/vanschaiksalix.nl\/wp-content\/uploads\/2024\/03\/logo_van-schaik-salix-h135.png","width":134,"height":135,"caption":"Handelsonderneming Van Schaik BV"},"image":{"@id":"https:\/\/vanschaiksalix.nl\/#\/schema\/logo\/image\/"},"sameAs":["https:\/\/www.facebook.com\/vanschaikingen"]}]}},"_links":{"self":[{"href":"https:\/\/vanschaiksalix.nl\/pl\/wp-json\/wp\/v2\/pages\/509","targetHints":{"allow":["GET"]}}],"collection":[{"href":"https:\/\/vanschaiksalix.nl\/pl\/wp-json\/wp\/v2\/pages"}],"about":[{"href":"https:\/\/vanschaiksalix.nl\/pl\/wp-json\/wp\/v2\/types\/page"}],"author":[{"embeddable":true,"href":"https:\/\/vanschaiksalix.nl\/pl\/wp-json\/wp\/v2\/users\/1"}],"replies":[{"embeddable":true,"href":"https:\/\/vanschaiksalix.nl\/pl\/wp-json\/wp\/v2\/comments?post=509"}],"version-history":[{"count":12,"href":"https:\/\/vanschaiksalix.nl\/pl\/wp-json\/wp\/v2\/pages\/509\/revisions"}],"predecessor-version":[{"id":806,"href":"https:\/\/vanschaiksalix.nl\/pl\/wp-json\/wp\/v2\/pages\/509\/revisions\/806"}],"up":[{"embeddable":true,"href":"https:\/\/vanschaiksalix.nl\/pl\/wp-json\/wp\/v2\/pages\/389"}],"wp:attachment":[{"href":"https:\/\/vanschaiksalix.nl\/pl\/wp-json\/wp\/v2\/media?parent=509"}],"curies":[{"name":"wp","href":"https:\/\/api.w.org\/{rel}","templated":true}]}}